
{"id":51079,"date":"2021-03-20T11:33:45","date_gmt":"2021-03-20T11:34:06","guid":{"rendered":"https:\/\/stage.shop-cellularswiss.ch\/produit\/sport-boost-charge\/"},"modified":"2021-03-20T12:34:09","modified_gmt":"2021-03-20T11:34:09","slug":"sport-boost-charge","status":"publish","type":"product","link":"https:\/\/stage.shop-cellularswiss.ch\/it\/produit\/sport-boost-charge\/","title":{"rendered":"SPORT BOOST CHARGE"},"content":{"rendered":"<p>Sport Boost Charge sono gli auricolari Bluetooth ideali per l\u2019attivit\u00e0 sportiva. Gli archetti flessibili assicurano comfort e stabilit\u00e0 e la batteria a lunga durata rende possibili anche gli allenamenti pi\u00f9 lunghi. Una volta terminato l\u2019allenamento gli auricolari possono essere risposti in modo pratico e comodo nella custodia di ricarica. La certificazione IPx7 protegge gli auricolari contro pioggia, sudore e immersioni.<\/p>\n","protected":false},"excerpt":{"rendered":"<p>Auricolari Sport in-ear \u00abNo-wires\u00bb con custodia di ricarica e archetti flessibili<\/p>\n","protected":false},"featured_media":35862,"comment_status":"closed","ping_status":"closed","template":"","meta":{"_et_pb_use_builder":"","_et_pb_old_content":"","_et_gb_content_width":""},"pwb-brand":[],"product_cat":[475,488],"product_tag":[],"compatibilite":[],"compatibilite_smartphone":[4366,4384,4365,4436,4443,4441,4417,4419,4420,4418,4437,4439,4438,4446,4442,4445,4444,4440,4358,4435,4433,4434,4385,4388,4386,4389,4387,4421,4402,4413,4406,4414,4405,4408,4403,4407,4404,4410,4422,4409,4427,4428,4423,4401,4400,4431,4425,4424,4393,4397,4416,4411,4426,4392,4391],"brands":[],"_links":{"self":[{"href":"https:\/\/stage.shop-cellularswiss.ch\/it\/wp-json\/wp\/v2\/product\/51079"}],"collection":[{"href":"https:\/\/stage.shop-cellularswiss.ch\/it\/wp-json\/wp\/v2\/product"}],"about":[{"href":"https:\/\/stage.shop-cellularswiss.ch\/it\/wp-json\/wp\/v2\/types\/product"}],"replies":[{"embeddable":true,"href":"https:\/\/stage.shop-cellularswiss.ch\/it\/wp-json\/wp\/v2\/comments?post=51079"}],"wp:featuredmedia":[{"embeddable":true,"href":"https:\/\/stage.shop-cellularswiss.ch\/it\/wp-json\/wp\/v2\/media\/35862"}],"wp:attachment":[{"href":"https:\/\/stage.shop-cellularswiss.ch\/it\/wp-json\/wp\/v2\/media?parent=51079"}],"wp:term":[{"taxonomy":"pwb-brand","embeddable":true,"href":"https:\/\/stage.shop-cellularswiss.ch\/it\/wp-json\/wp\/v2\/pwb-brand?post=51079"},{"taxonomy":"product_cat","embeddable":true,"href":"https:\/\/stage.shop-cellularswiss.ch\/it\/wp-json\/wp\/v2\/product_cat?post=51079"},{"taxonomy":"product_tag","embeddable":true,"href":"https:\/\/stage.shop-cellularswiss.ch\/it\/wp-json\/wp\/v2\/product_tag?post=51079"},{"taxonomy":"compatibilite","embeddable":true,"href":"https:\/\/stage.shop-cellularswiss.ch\/it\/wp-json\/wp\/v2\/compatibilite?post=51079"},{"taxonomy":"compatibilite_smartphone","embeddable":true,"href":"https:\/\/stage.shop-cellularswiss.ch\/it\/wp-json\/wp\/v2\/compatibilite_smartphone?post=51079"}],"curies":[{"name":"wp","href":"https:\/\/api.w.org\/{rel}","templated":true}]}}