
{"id":51080,"date":"2021-03-20T11:33:47","date_gmt":"2021-03-20T11:34:08","guid":{"rendered":"https:\/\/stage.shop-cellularswiss.ch\/produit\/sport-bounce\/"},"modified":"2021-03-20T12:34:12","modified_gmt":"2021-03-20T11:34:12","slug":"sport-bounce","status":"publish","type":"product","link":"https:\/\/stage.shop-cellularswiss.ch\/it\/produit\/sport-bounce\/","title":{"rendered":"Sport Bounce"},"content":{"rendered":"<p>Sport Bounce \u00e8 l\u2019auricolare Bluetooth in-ear leggero e ultra stabile, dotato di un pratico archetto esterno, ideale per un utilizzo prolungato e per vivere al massimo ogni allenamento insieme alla propria musica preferita. I 3 pulsanti posti sull\u2019auricolare, consentono di utilizzare il remote control universale e di tenere sotto controllo in qualsiasi momento il volume e i brani musicali in riproduzione in maniera pratica e comoda mentre il tasto di risposta integrato, consente di rispondere in maniera semplice e veloce alle chiamate in arrivo sullo smartphone. La certificazione IPX4 garantisce la resistenza a pioggia e sudore rende Sport Bounce l\u2019auricolare perfetto per ogni allenamento outdoor mentre l\u2019innovativa tecnologia Streaming Top Sound Performance consente di ottenere un\u2019ottima qualit\u00e0 della riproduzione della musica anche in streaming. Raggiungere i propri obiettivi di allenamento sar\u00e0 ancora pi\u00f9 semplice.<\/p>\n","protected":false},"excerpt":{"rendered":"<p>Auricolari stereo Bluetooth\u00ae in-ear ultra stabili ideali per lo sport<\/p>\n","protected":false},"featured_media":56319,"comment_status":"closed","ping_status":"closed","template":"","meta":{"_et_pb_use_builder":"","_et_pb_old_content":"","_et_gb_content_width":""},"pwb-brand":[],"product_cat":[475,488],"product_tag":[],"compatibilite":[],"compatibilite_smartphone":[4366,4384,4363,4370,4354,4365,4375,4376,4436,4443,4383,4441,4373,4381,4417,4419,4382,4420,4361,4418,4450,4437,4439,4438,4446,4442,4445,4444,4378,4356,4359,4377,4364,4379,4353,4374,4372,4449,4447,4380,4362,4448,4440,4358,4435,4433,4434,4367,4385,4388,4386,4389,4387,4421,4390,4415,4402,4413,4396,4406,4414,4405,4408,4394,4403,4407,4404,4410,4395,4422,4409,4399,4427,4428,4423,4401,4400,4431,4425,4424,4429,4430,4393,4412,4397,4416,4411,4426,4392,4391],"brands":[],"_links":{"self":[{"href":"https:\/\/stage.shop-cellularswiss.ch\/it\/wp-json\/wp\/v2\/product\/51080"}],"collection":[{"href":"https:\/\/stage.shop-cellularswiss.ch\/it\/wp-json\/wp\/v2\/product"}],"about":[{"href":"https:\/\/stage.shop-cellularswiss.ch\/it\/wp-json\/wp\/v2\/types\/product"}],"replies":[{"embeddable":true,"href":"https:\/\/stage.shop-cellularswiss.ch\/it\/wp-json\/wp\/v2\/comments?post=51080"}],"wp:featuredmedia":[{"embeddable":true,"href":"https:\/\/stage.shop-cellularswiss.ch\/it\/wp-json\/wp\/v2\/media\/56319"}],"wp:attachment":[{"href":"https:\/\/stage.shop-cellularswiss.ch\/it\/wp-json\/wp\/v2\/media?parent=51080"}],"wp:term":[{"taxonomy":"pwb-brand","embeddable":true,"href":"https:\/\/stage.shop-cellularswiss.ch\/it\/wp-json\/wp\/v2\/pwb-brand?post=51080"},{"taxonomy":"product_cat","embeddable":true,"href":"https:\/\/stage.shop-cellularswiss.ch\/it\/wp-json\/wp\/v2\/product_cat?post=51080"},{"taxonomy":"product_tag","embeddable":true,"href":"https:\/\/stage.shop-cellularswiss.ch\/it\/wp-json\/wp\/v2\/product_tag?post=51080"},{"taxonomy":"compatibilite","embeddable":true,"href":"https:\/\/stage.shop-cellularswiss.ch\/it\/wp-json\/wp\/v2\/compatibilite?post=51080"},{"taxonomy":"compatibilite_smartphone","embeddable":true,"href":"https:\/\/stage.shop-cellularswiss.ch\/it\/wp-json\/wp\/v2\/compatibilite_smartphone?post=51080"}],"curies":[{"name":"wp","href":"https:\/\/api.w.org\/{rel}","templated":true}]}}