
{"id":51082,"date":"2021-03-20T11:33:52","date_gmt":"2021-03-20T11:34:13","guid":{"rendered":"https:\/\/stage.shop-cellularswiss.ch\/produit\/sport-shake-universale\/"},"modified":"2021-03-20T12:34:16","modified_gmt":"2021-03-20T11:34:16","slug":"sport-shake-universale","status":"publish","type":"product","link":"https:\/\/stage.shop-cellularswiss.ch\/it\/produit\/sport-shake-universale\/","title":{"rendered":"Sport Shake &#8211; Universale"},"content":{"rendered":"<p>Sport Shake \u00e8 l\u2019auricolare Bluetooth in-ear neckband ultra flessibile e stabile, ideale per vivere al massimo ogni allenamento insieme alla propria musica preferita. I comandi posti direttamente sul padiglione, consentono di gestire la riproduzione dei brani in maniera comoda e pratica mentre la capsula in-ear garantisce l\u2019isolamento passivo dal rumore esterno. La certificazione IPX4 garantisce la resistenza a pioggia e sudore rende Sport Shake, gli auricolari perfetti per ogni allenamento outdoor. L\u2019innovativa tecnologia Streaming Top Sound Performance consente di ottenere un\u2019ottima qualit\u00e0 della riproduzione della musica anche in streaming. Raggiungere i propri obiettivi di allenamento sar\u00e0 ancora pi\u00f9 semplice.<\/p>\n","protected":false},"excerpt":{"rendered":"<p>Auricolari in-ear con archetto flessibile ideali per lo sport<\/p>\n","protected":false},"featured_media":54743,"comment_status":"closed","ping_status":"closed","template":"","meta":{"_et_pb_use_builder":"","_et_pb_old_content":"","_et_gb_content_width":""},"pwb-brand":[],"product_cat":[475,488],"product_tag":[],"compatibilite":[],"compatibilite_smartphone":[],"brands":[],"_links":{"self":[{"href":"https:\/\/stage.shop-cellularswiss.ch\/it\/wp-json\/wp\/v2\/product\/51082"}],"collection":[{"href":"https:\/\/stage.shop-cellularswiss.ch\/it\/wp-json\/wp\/v2\/product"}],"about":[{"href":"https:\/\/stage.shop-cellularswiss.ch\/it\/wp-json\/wp\/v2\/types\/product"}],"replies":[{"embeddable":true,"href":"https:\/\/stage.shop-cellularswiss.ch\/it\/wp-json\/wp\/v2\/comments?post=51082"}],"wp:featuredmedia":[{"embeddable":true,"href":"https:\/\/stage.shop-cellularswiss.ch\/it\/wp-json\/wp\/v2\/media\/54743"}],"wp:attachment":[{"href":"https:\/\/stage.shop-cellularswiss.ch\/it\/wp-json\/wp\/v2\/media?parent=51082"}],"wp:term":[{"taxonomy":"pwb-brand","embeddable":true,"href":"https:\/\/stage.shop-cellularswiss.ch\/it\/wp-json\/wp\/v2\/pwb-brand?post=51082"},{"taxonomy":"product_cat","embeddable":true,"href":"https:\/\/stage.shop-cellularswiss.ch\/it\/wp-json\/wp\/v2\/product_cat?post=51082"},{"taxonomy":"product_tag","embeddable":true,"href":"https:\/\/stage.shop-cellularswiss.ch\/it\/wp-json\/wp\/v2\/product_tag?post=51082"},{"taxonomy":"compatibilite","embeddable":true,"href":"https:\/\/stage.shop-cellularswiss.ch\/it\/wp-json\/wp\/v2\/compatibilite?post=51082"},{"taxonomy":"compatibilite_smartphone","embeddable":true,"href":"https:\/\/stage.shop-cellularswiss.ch\/it\/wp-json\/wp\/v2\/compatibilite_smartphone?post=51082"}],"curies":[{"name":"wp","href":"https:\/\/api.w.org\/{rel}","templated":true}]}}