
{"id":51128,"date":"2021-03-20T12:35:59","date_gmt":"2021-03-20T11:35:59","guid":{"rendered":"https:\/\/stage.shop-cellularswiss.ch\/produit\/tetra-force-shield-iphone-11-pro-xs-x\/"},"modified":"2021-03-20T12:36:02","modified_gmt":"2021-03-20T11:36:02","slug":"tetra-force-shield-iphone-11-pro-xs-x","status":"publish","type":"product","link":"https:\/\/stage.shop-cellularswiss.ch\/it\/produit\/tetra-force-shield-iphone-11-pro-xs-x\/","title":{"rendered":"Tetra Force Shield &#8211; iPhone 11 Pro\/XS\/X"},"content":{"rendered":"<p>Innovazione, qualit\u00e0 elevata e design super sottile uniti in un unico prodotto, studiato e realizzato per chi \u00e8 alla ricerca della massima protezione per il proprio dispositivo. TETRA FORCE SHIELD \u00e8 il vetro temperato ultra resistente e super sottile che ti consentir\u00e0 di proteggere al meglio il display del tuo iPhone. Il vetro, temperato con un particolare processo chimico di ultima generazione, rende il TETRA FORCE SHIELD fino a 3 volte pi\u00f9 resistente rispetto ai normali vetri temperati garantendo al tempo stesso il minimo spessore. Il materiale ultra trasparente e lo speciale trattamento anti-impronte, riducono sensibilmente l\u2019effetto antiestetico delle impronte lasciate dalle dita sul schermo del telefono mantenendo inalterata la definizione del display originale.<\/p>\n","protected":false},"excerpt":{"rendered":"<p>Vetro temperato ultra resistente e super sottile<\/p>\n","protected":false},"featured_media":55127,"comment_status":"closed","ping_status":"open","template":"","meta":{"_et_pb_use_builder":"","_et_pb_old_content":"","_et_gb_content_width":""},"pwb-brand":[],"product_cat":[550,541],"product_tag":[],"compatibilite":[],"compatibilite_smartphone":[],"brands":[],"_links":{"self":[{"href":"https:\/\/stage.shop-cellularswiss.ch\/it\/wp-json\/wp\/v2\/product\/51128"}],"collection":[{"href":"https:\/\/stage.shop-cellularswiss.ch\/it\/wp-json\/wp\/v2\/product"}],"about":[{"href":"https:\/\/stage.shop-cellularswiss.ch\/it\/wp-json\/wp\/v2\/types\/product"}],"replies":[{"embeddable":true,"href":"https:\/\/stage.shop-cellularswiss.ch\/it\/wp-json\/wp\/v2\/comments?post=51128"}],"wp:featuredmedia":[{"embeddable":true,"href":"https:\/\/stage.shop-cellularswiss.ch\/it\/wp-json\/wp\/v2\/media\/55127"}],"wp:attachment":[{"href":"https:\/\/stage.shop-cellularswiss.ch\/it\/wp-json\/wp\/v2\/media?parent=51128"}],"wp:term":[{"taxonomy":"pwb-brand","embeddable":true,"href":"https:\/\/stage.shop-cellularswiss.ch\/it\/wp-json\/wp\/v2\/pwb-brand?post=51128"},{"taxonomy":"product_cat","embeddable":true,"href":"https:\/\/stage.shop-cellularswiss.ch\/it\/wp-json\/wp\/v2\/product_cat?post=51128"},{"taxonomy":"product_tag","embeddable":true,"href":"https:\/\/stage.shop-cellularswiss.ch\/it\/wp-json\/wp\/v2\/product_tag?post=51128"},{"taxonomy":"compatibilite","embeddable":true,"href":"https:\/\/stage.shop-cellularswiss.ch\/it\/wp-json\/wp\/v2\/compatibilite?post=51128"},{"taxonomy":"compatibilite_smartphone","embeddable":true,"href":"https:\/\/stage.shop-cellularswiss.ch\/it\/wp-json\/wp\/v2\/compatibilite_smartphone?post=51128"}],"curies":[{"name":"wp","href":"https:\/\/api.w.org\/{rel}","templated":true}]}}