
{"id":51168,"date":"2021-03-20T11:37:06","date_gmt":"2021-03-20T11:37:33","guid":{"rendered":"https:\/\/stage.shop-cellularswiss.ch\/produit\/total-view-universale\/"},"modified":"2021-03-20T12:37:43","modified_gmt":"2021-03-20T11:37:43","slug":"total-view-universale","status":"publish","type":"product","link":"https:\/\/stage.shop-cellularswiss.ch\/it\/produit\/total-view-universale\/","title":{"rendered":"Total View &#8211; Universale"},"content":{"rendered":"<p>Total view \u00e8 il selfie stick con specchio girevole, perfetta per chi ama scattare tanti selfie in compagnia. Grazie al supporto snodabile, Total View consente di posizionare in diversi modi lo smartphone e scattare tre diverse tipologie di selfie: quella classica (con la fotocamera frontale), quella in alta definizione (con la fotocamera posteriore) e quella ritratto (posizionando lo smartphone in verticale). Inoltre, lo specchio girevole \u00e8 utile per avere una pi\u00f9 ampia visibilit\u00e0 dell\u2019inquadratura durante lo scatto, ideale in contesti di gruppo.<\/p>\n","protected":false},"excerpt":{"rendered":"<p>Asta per selfie con specchio girevole<\/p>\n","protected":false},"featured_media":62452,"comment_status":"closed","ping_status":"closed","template":"","meta":{"_et_pb_use_builder":"","_et_pb_old_content":"","_et_gb_content_width":""},"pwb-brand":[],"product_cat":[545,541],"product_tag":[],"compatibilite":[],"compatibilite_smartphone":[4369,4384,4363,4370,4354,4375,4376,4355,4383,4357,4368,4373,4381,4382,4361,4378,4356,4359,4377,4364,4379,4353,4374,4372,4447,4380,4362,4448,4358,4371,4360,4367,4385,4388,4386,4389,4387,4390,4415,4402,4413,4396,4406,4414,4405,4408,4394,4403,4407,4404,4410,4395,4409,4399,4398,4423,4401,4400,4393,4412,4397,4490,4392,4391],"brands":[],"_links":{"self":[{"href":"https:\/\/stage.shop-cellularswiss.ch\/it\/wp-json\/wp\/v2\/product\/51168"}],"collection":[{"href":"https:\/\/stage.shop-cellularswiss.ch\/it\/wp-json\/wp\/v2\/product"}],"about":[{"href":"https:\/\/stage.shop-cellularswiss.ch\/it\/wp-json\/wp\/v2\/types\/product"}],"replies":[{"embeddable":true,"href":"https:\/\/stage.shop-cellularswiss.ch\/it\/wp-json\/wp\/v2\/comments?post=51168"}],"wp:featuredmedia":[{"embeddable":true,"href":"https:\/\/stage.shop-cellularswiss.ch\/it\/wp-json\/wp\/v2\/media\/62452"}],"wp:attachment":[{"href":"https:\/\/stage.shop-cellularswiss.ch\/it\/wp-json\/wp\/v2\/media?parent=51168"}],"wp:term":[{"taxonomy":"pwb-brand","embeddable":true,"href":"https:\/\/stage.shop-cellularswiss.ch\/it\/wp-json\/wp\/v2\/pwb-brand?post=51168"},{"taxonomy":"product_cat","embeddable":true,"href":"https:\/\/stage.shop-cellularswiss.ch\/it\/wp-json\/wp\/v2\/product_cat?post=51168"},{"taxonomy":"product_tag","embeddable":true,"href":"https:\/\/stage.shop-cellularswiss.ch\/it\/wp-json\/wp\/v2\/product_tag?post=51168"},{"taxonomy":"compatibilite","embeddable":true,"href":"https:\/\/stage.shop-cellularswiss.ch\/it\/wp-json\/wp\/v2\/compatibilite?post=51168"},{"taxonomy":"compatibilite_smartphone","embeddable":true,"href":"https:\/\/stage.shop-cellularswiss.ch\/it\/wp-json\/wp\/v2\/compatibilite_smartphone?post=51168"}],"curies":[{"name":"wp","href":"https:\/\/api.w.org\/{rel}","templated":true}]}}