
{"id":51172,"date":"2021-03-20T11:37:15","date_gmt":"2021-03-20T11:37:42","guid":{"rendered":"https:\/\/stage.shop-cellularswiss.ch\/produit\/touch-cup-holder-universal\/"},"modified":"2021-03-20T12:37:46","modified_gmt":"2021-03-20T11:37:46","slug":"touch-cup-holder-universal","status":"publish","type":"product","link":"https:\/\/stage.shop-cellularswiss.ch\/it\/produit\/touch-cup-holder-universal\/","title":{"rendered":"Touch Cup Holder &#8211; Universal"},"content":{"rendered":"<p>TOUCH cup holder \u00e8 il supporto smartphone da auto magnetico, senza meccanismi: basta applicare sul retro dello smartphone una delle placchette metalliche in dotazione ed \u00e8 possibile attaccare e rimuovere lo smartphone dal supporto con un semplice e agile gesto. Dotato dell&#8217;esclusiva tecnologia magnetica Magnetic Tech, TOUCH cup holder \u00e8 un supporto estremamente SICURO, SOLIDO, SEMPLICE e STABILE: \u00e8 facile da applicare, sostiene con forza anche il telefono pi\u00f9 pesante e non interferisce con le funzionalit\u00e0 dello smartphone Il fissaggio auto \u00e8 per porta-bicchieri da 6 a 9 cm di diametro.<\/p>\n","protected":false},"excerpt":{"rendered":"<p>Supporto smartphone da auto magnetico con fissaggio per porta bicchieri<\/p>\n","protected":false},"featured_media":37886,"comment_status":"closed","ping_status":"closed","template":"","meta":{"_et_pb_use_builder":"","_et_pb_old_content":"","_et_gb_content_width":""},"pwb-brand":[],"product_cat":[647,605],"product_tag":[],"compatibilite":[],"compatibilite_smartphone":[],"brands":[],"_links":{"self":[{"href":"https:\/\/stage.shop-cellularswiss.ch\/it\/wp-json\/wp\/v2\/product\/51172"}],"collection":[{"href":"https:\/\/stage.shop-cellularswiss.ch\/it\/wp-json\/wp\/v2\/product"}],"about":[{"href":"https:\/\/stage.shop-cellularswiss.ch\/it\/wp-json\/wp\/v2\/types\/product"}],"replies":[{"embeddable":true,"href":"https:\/\/stage.shop-cellularswiss.ch\/it\/wp-json\/wp\/v2\/comments?post=51172"}],"wp:featuredmedia":[{"embeddable":true,"href":"https:\/\/stage.shop-cellularswiss.ch\/it\/wp-json\/wp\/v2\/media\/37886"}],"wp:attachment":[{"href":"https:\/\/stage.shop-cellularswiss.ch\/it\/wp-json\/wp\/v2\/media?parent=51172"}],"wp:term":[{"taxonomy":"pwb-brand","embeddable":true,"href":"https:\/\/stage.shop-cellularswiss.ch\/it\/wp-json\/wp\/v2\/pwb-brand?post=51172"},{"taxonomy":"product_cat","embeddable":true,"href":"https:\/\/stage.shop-cellularswiss.ch\/it\/wp-json\/wp\/v2\/product_cat?post=51172"},{"taxonomy":"product_tag","embeddable":true,"href":"https:\/\/stage.shop-cellularswiss.ch\/it\/wp-json\/wp\/v2\/product_tag?post=51172"},{"taxonomy":"compatibilite","embeddable":true,"href":"https:\/\/stage.shop-cellularswiss.ch\/it\/wp-json\/wp\/v2\/compatibilite?post=51172"},{"taxonomy":"compatibilite_smartphone","embeddable":true,"href":"https:\/\/stage.shop-cellularswiss.ch\/it\/wp-json\/wp\/v2\/compatibilite_smartphone?post=51172"}],"curies":[{"name":"wp","href":"https:\/\/api.w.org\/{rel}","templated":true}]}}