
{"id":51300,"date":"2021-03-20T11:42:10","date_gmt":"2021-03-20T11:42:37","guid":{"rendered":"https:\/\/stage.shop-cellularswiss.ch\/produit\/usb-charger-10w-iphone-ipad-and-ipod\/"},"modified":"2021-03-20T12:42:42","modified_gmt":"2021-03-20T11:42:42","slug":"usb-charger-10w-iphone-ipad-and-ipod","status":"publish","type":"product","link":"https:\/\/stage.shop-cellularswiss.ch\/it\/produit\/usb-charger-10w-iphone-ipad-and-ipod\/","title":{"rendered":"USB Charger 10W &#8211; iPhone, iPad and iPod"},"content":{"rendered":"<p>USB CHARGER 10W \u00e8 il caricabatterie da rete per dispositivi Apple che grazie ai 10W in uscita \u00e8 in grado di caricare velocemente e in totale sicurezza iPhone e iPad.Il cavo USB to Lightning non \u00e8 presente in confezione.Non esiste alcun tipo di accordo, licenza o legame tra Cellularline S.p.a e le aziende titolari dei marchi e dei nomi riportati nei testi e nelle immagini di questa pagina web. Tutti I marchi, I nomi e i modelli di telefono cellulare sono di propriet\u00e0 dei rispettivi titolari.<\/p>\n","protected":false},"excerpt":{"rendered":"<p>Caricabatterie da rete veloce 10W<\/p>\n","protected":false},"featured_media":48406,"comment_status":"closed","ping_status":"closed","template":"","meta":{"_et_pb_use_builder":"","_et_pb_old_content":"","_et_gb_content_width":""},"pwb-brand":[],"product_cat":[606,605],"product_tag":[607],"compatibilite":[],"compatibilite_smartphone":[4469,4436,4441,4437,4449,4380,4362,4440,4358,4435,4433,4434,4388,4386,4390,4392,4391],"brands":[],"_links":{"self":[{"href":"https:\/\/stage.shop-cellularswiss.ch\/it\/wp-json\/wp\/v2\/product\/51300"}],"collection":[{"href":"https:\/\/stage.shop-cellularswiss.ch\/it\/wp-json\/wp\/v2\/product"}],"about":[{"href":"https:\/\/stage.shop-cellularswiss.ch\/it\/wp-json\/wp\/v2\/types\/product"}],"replies":[{"embeddable":true,"href":"https:\/\/stage.shop-cellularswiss.ch\/it\/wp-json\/wp\/v2\/comments?post=51300"}],"wp:featuredmedia":[{"embeddable":true,"href":"https:\/\/stage.shop-cellularswiss.ch\/it\/wp-json\/wp\/v2\/media\/48406"}],"wp:attachment":[{"href":"https:\/\/stage.shop-cellularswiss.ch\/it\/wp-json\/wp\/v2\/media?parent=51300"}],"wp:term":[{"taxonomy":"pwb-brand","embeddable":true,"href":"https:\/\/stage.shop-cellularswiss.ch\/it\/wp-json\/wp\/v2\/pwb-brand?post=51300"},{"taxonomy":"product_cat","embeddable":true,"href":"https:\/\/stage.shop-cellularswiss.ch\/it\/wp-json\/wp\/v2\/product_cat?post=51300"},{"taxonomy":"product_tag","embeddable":true,"href":"https:\/\/stage.shop-cellularswiss.ch\/it\/wp-json\/wp\/v2\/product_tag?post=51300"},{"taxonomy":"compatibilite","embeddable":true,"href":"https:\/\/stage.shop-cellularswiss.ch\/it\/wp-json\/wp\/v2\/compatibilite?post=51300"},{"taxonomy":"compatibilite_smartphone","embeddable":true,"href":"https:\/\/stage.shop-cellularswiss.ch\/it\/wp-json\/wp\/v2\/compatibilite_smartphone?post=51300"}],"curies":[{"name":"wp","href":"https:\/\/api.w.org\/{rel}","templated":true}]}}