
{"id":51323,"date":"2021-03-20T11:43:09","date_gmt":"2021-03-20T11:43:35","guid":{"rendered":"https:\/\/stage.shop-cellularswiss.ch\/produit\/usb-data-cable-longlife-lightning\/"},"modified":"2021-03-20T12:43:38","modified_gmt":"2021-03-20T11:43:38","slug":"usb-data-cable-longlife-lightning","status":"publish","type":"product","link":"https:\/\/stage.shop-cellularswiss.ch\/it\/produit\/usb-data-cable-longlife-lightning\/","title":{"rendered":"USB Data Cable Longlife &#8211; Lightning"},"content":{"rendered":"<p>Grazie al cavo antistrappo e al connettore in metallo \u00e8 molto pi\u00f9 resistente di un cavo dati standard. Dotato di connettore lightning \u00e8 disponibile nelle colorazioni iPhone. Certificato Made for iPhone, iPod and iPad.<\/p>\n","protected":false},"excerpt":{"rendered":"<p>Cavo antistrappo e massima resistenza<\/p>\n","protected":false},"featured_media":54259,"comment_status":"closed","ping_status":"closed","template":"","meta":{"_et_pb_use_builder":"","_et_pb_old_content":"","_et_gb_content_width":""},"pwb-brand":[],"product_cat":[532,605],"product_tag":[],"compatibilite":[],"compatibilite_smartphone":[4366,4469,4384,4365,4436,4443,4441,4381,4382,4361,4437,4439,4438,4446,4442,4445,4444,4449,4447,4380,4362,4440,4358,4435,4433,4434],"brands":[],"_links":{"self":[{"href":"https:\/\/stage.shop-cellularswiss.ch\/it\/wp-json\/wp\/v2\/product\/51323"}],"collection":[{"href":"https:\/\/stage.shop-cellularswiss.ch\/it\/wp-json\/wp\/v2\/product"}],"about":[{"href":"https:\/\/stage.shop-cellularswiss.ch\/it\/wp-json\/wp\/v2\/types\/product"}],"replies":[{"embeddable":true,"href":"https:\/\/stage.shop-cellularswiss.ch\/it\/wp-json\/wp\/v2\/comments?post=51323"}],"wp:featuredmedia":[{"embeddable":true,"href":"https:\/\/stage.shop-cellularswiss.ch\/it\/wp-json\/wp\/v2\/media\/54259"}],"wp:attachment":[{"href":"https:\/\/stage.shop-cellularswiss.ch\/it\/wp-json\/wp\/v2\/media?parent=51323"}],"wp:term":[{"taxonomy":"pwb-brand","embeddable":true,"href":"https:\/\/stage.shop-cellularswiss.ch\/it\/wp-json\/wp\/v2\/pwb-brand?post=51323"},{"taxonomy":"product_cat","embeddable":true,"href":"https:\/\/stage.shop-cellularswiss.ch\/it\/wp-json\/wp\/v2\/product_cat?post=51323"},{"taxonomy":"product_tag","embeddable":true,"href":"https:\/\/stage.shop-cellularswiss.ch\/it\/wp-json\/wp\/v2\/product_tag?post=51323"},{"taxonomy":"compatibilite","embeddable":true,"href":"https:\/\/stage.shop-cellularswiss.ch\/it\/wp-json\/wp\/v2\/compatibilite?post=51323"},{"taxonomy":"compatibilite_smartphone","embeddable":true,"href":"https:\/\/stage.shop-cellularswiss.ch\/it\/wp-json\/wp\/v2\/compatibilite_smartphone?post=51323"}],"curies":[{"name":"wp","href":"https:\/\/api.w.org\/{rel}","templated":true}]}}