
{"id":51324,"date":"2021-03-20T11:43:11","date_gmt":"2021-03-20T11:43:38","guid":{"rendered":"https:\/\/stage.shop-cellularswiss.ch\/produit\/usb-data-cable-longlife-micro-usb\/"},"modified":"2021-03-20T12:43:41","modified_gmt":"2021-03-20T11:43:41","slug":"usb-data-cable-longlife-micro-usb","status":"publish","type":"product","link":"https:\/\/stage.shop-cellularswiss.ch\/it\/produit\/usb-data-cable-longlife-micro-usb\/","title":{"rendered":"USB Data Cable Longlife &#8211; Micro USB"},"content":{"rendered":"<p>Grazie al cavo antistrappo e al connettore in metallo \u00e8 molto pi\u00f9 resistente di un cavo dati standard. Dotato di connettore Micro USB \u00e8 disponibile nei colori degli smartphone pi\u00f9 diffusi.<\/p>\n","protected":false},"excerpt":{"rendered":"<p>Cavo antistrappo e massima resistenza<\/p>\n","protected":false},"featured_media":54255,"comment_status":"closed","ping_status":"closed","template":"","meta":{"_et_pb_use_builder":"","_et_pb_old_content":"","_et_gb_content_width":""},"pwb-brand":[],"product_cat":[532,538,605],"product_tag":[],"compatibilite":[],"compatibilite_smartphone":[4388,4386,4395,4398],"brands":[],"_links":{"self":[{"href":"https:\/\/stage.shop-cellularswiss.ch\/it\/wp-json\/wp\/v2\/product\/51324"}],"collection":[{"href":"https:\/\/stage.shop-cellularswiss.ch\/it\/wp-json\/wp\/v2\/product"}],"about":[{"href":"https:\/\/stage.shop-cellularswiss.ch\/it\/wp-json\/wp\/v2\/types\/product"}],"replies":[{"embeddable":true,"href":"https:\/\/stage.shop-cellularswiss.ch\/it\/wp-json\/wp\/v2\/comments?post=51324"}],"wp:featuredmedia":[{"embeddable":true,"href":"https:\/\/stage.shop-cellularswiss.ch\/it\/wp-json\/wp\/v2\/media\/54255"}],"wp:attachment":[{"href":"https:\/\/stage.shop-cellularswiss.ch\/it\/wp-json\/wp\/v2\/media?parent=51324"}],"wp:term":[{"taxonomy":"pwb-brand","embeddable":true,"href":"https:\/\/stage.shop-cellularswiss.ch\/it\/wp-json\/wp\/v2\/pwb-brand?post=51324"},{"taxonomy":"product_cat","embeddable":true,"href":"https:\/\/stage.shop-cellularswiss.ch\/it\/wp-json\/wp\/v2\/product_cat?post=51324"},{"taxonomy":"product_tag","embeddable":true,"href":"https:\/\/stage.shop-cellularswiss.ch\/it\/wp-json\/wp\/v2\/product_tag?post=51324"},{"taxonomy":"compatibilite","embeddable":true,"href":"https:\/\/stage.shop-cellularswiss.ch\/it\/wp-json\/wp\/v2\/compatibilite?post=51324"},{"taxonomy":"compatibilite_smartphone","embeddable":true,"href":"https:\/\/stage.shop-cellularswiss.ch\/it\/wp-json\/wp\/v2\/compatibilite_smartphone?post=51324"}],"curies":[{"name":"wp","href":"https:\/\/api.w.org\/{rel}","templated":true}]}}