
{"id":51341,"date":"2021-03-20T11:43:51","date_gmt":"2021-03-20T11:44:18","guid":{"rendered":"https:\/\/stage.shop-cellularswiss.ch\/produit\/voyager-universale\/"},"modified":"2021-03-20T12:44:36","modified_gmt":"2021-03-20T11:44:36","slug":"voyager-universale","status":"publish","type":"product","link":"https:\/\/stage.shop-cellularswiss.ch\/it\/produit\/voyager-universale\/","title":{"rendered":"Voyager &#8211; Universale"},"content":{"rendered":"<p>Voyager \u00e8 la custodia impermeabile super colorata ideale per chi desidera proteggere le parti pi\u00f9 delicate dello smartphone (come connettori, tasti e speaker) dai danni provocati da acqua, creme, sabbia,cloro e salsedine .La custodia Voyager \u00e8 realizzata in materiale Touch-sensitive ultra sensibile e morbido, compatibile con force touch, Tasto Home e 3D touch ed \u00e8 dotata di un comodo laccetto da polso oltre che di una pratica banda posta sul retro, che consente di avere una presa pi\u00f9 salda e pi\u00f9 sicura dello smartphone in ogni momento. Grazie ai bordi trasparenti Voyager \u00e8 comodissima anche con i display curvi. Inoltre, grazie alla certificazione IPX8, la custodia garantisce impermeabilit\u00e0 all\u2019acqua fino a 20 metri di profondit\u00e0.<\/p>\n","protected":false},"excerpt":{"rendered":"<p>Custodia Impermeabile per Smartphone<\/p>\n","protected":false},"featured_media":40267,"comment_status":"closed","ping_status":"closed","template":"","meta":{"_et_pb_use_builder":"","_et_pb_old_content":"","_et_gb_content_width":""},"pwb-brand":[],"product_cat":[560,541],"product_tag":[],"compatibilite":[],"compatibilite_smartphone":[],"brands":[],"_links":{"self":[{"href":"https:\/\/stage.shop-cellularswiss.ch\/it\/wp-json\/wp\/v2\/product\/51341"}],"collection":[{"href":"https:\/\/stage.shop-cellularswiss.ch\/it\/wp-json\/wp\/v2\/product"}],"about":[{"href":"https:\/\/stage.shop-cellularswiss.ch\/it\/wp-json\/wp\/v2\/types\/product"}],"replies":[{"embeddable":true,"href":"https:\/\/stage.shop-cellularswiss.ch\/it\/wp-json\/wp\/v2\/comments?post=51341"}],"wp:featuredmedia":[{"embeddable":true,"href":"https:\/\/stage.shop-cellularswiss.ch\/it\/wp-json\/wp\/v2\/media\/40267"}],"wp:attachment":[{"href":"https:\/\/stage.shop-cellularswiss.ch\/it\/wp-json\/wp\/v2\/media?parent=51341"}],"wp:term":[{"taxonomy":"pwb-brand","embeddable":true,"href":"https:\/\/stage.shop-cellularswiss.ch\/it\/wp-json\/wp\/v2\/pwb-brand?post=51341"},{"taxonomy":"product_cat","embeddable":true,"href":"https:\/\/stage.shop-cellularswiss.ch\/it\/wp-json\/wp\/v2\/product_cat?post=51341"},{"taxonomy":"product_tag","embeddable":true,"href":"https:\/\/stage.shop-cellularswiss.ch\/it\/wp-json\/wp\/v2\/product_tag?post=51341"},{"taxonomy":"compatibilite","embeddable":true,"href":"https:\/\/stage.shop-cellularswiss.ch\/it\/wp-json\/wp\/v2\/compatibilite?post=51341"},{"taxonomy":"compatibilite_smartphone","embeddable":true,"href":"https:\/\/stage.shop-cellularswiss.ch\/it\/wp-json\/wp\/v2\/compatibilite_smartphone?post=51341"}],"curies":[{"name":"wp","href":"https:\/\/api.w.org\/{rel}","templated":true}]}}