
{"id":51351,"date":"2021-03-20T11:44:14","date_gmt":"2021-03-20T11:44:40","guid":{"rendered":"https:\/\/stage.shop-cellularswiss.ch\/produit\/voyager-extreme-5l\/"},"modified":"2021-03-20T12:44:47","modified_gmt":"2021-03-20T11:44:47","slug":"voyager-extreme-5l","status":"publish","type":"product","link":"https:\/\/stage.shop-cellularswiss.ch\/it\/produit\/voyager-extreme-5l\/","title":{"rendered":"Voyager Extreme &#8211; 5L"},"content":{"rendered":"<p>Voyager Extreme \u00e8 la borsa impermeabile che protegge i tuoi oggetti quando durante le tue attivit\u00e0 all\u2019aria aperta. La tracolla la rende molto comoda da usare e grazie alla finestra trasparente per lo smartphone, sar\u00e0 semplicissimo controllare l\u2019arrivo di notifiche o chiamate. Grazie al tessuto sui bordi Voyager Extreme \u00e8 resistente e robusta. La base larga ti permetter\u00e0 di poggiarla ovunque in modo stabile e recuperare gli oggetti contenuti con molta facilit\u00e0! L\u2019accessorio indispensabile per godersi il proprio tempo libero senza pensieri.<\/p>\n","protected":false},"excerpt":{"rendered":"<p>Borsa impermeabile<\/p>\n","protected":false},"featured_media":54227,"comment_status":"closed","ping_status":"closed","template":"","meta":{"_et_pb_use_builder":"","_et_pb_old_content":"","_et_gb_content_width":""},"pwb-brand":[],"product_cat":[560,541],"product_tag":[],"compatibilite":[],"compatibilite_smartphone":[4388],"brands":[],"_links":{"self":[{"href":"https:\/\/stage.shop-cellularswiss.ch\/it\/wp-json\/wp\/v2\/product\/51351"}],"collection":[{"href":"https:\/\/stage.shop-cellularswiss.ch\/it\/wp-json\/wp\/v2\/product"}],"about":[{"href":"https:\/\/stage.shop-cellularswiss.ch\/it\/wp-json\/wp\/v2\/types\/product"}],"replies":[{"embeddable":true,"href":"https:\/\/stage.shop-cellularswiss.ch\/it\/wp-json\/wp\/v2\/comments?post=51351"}],"wp:featuredmedia":[{"embeddable":true,"href":"https:\/\/stage.shop-cellularswiss.ch\/it\/wp-json\/wp\/v2\/media\/54227"}],"wp:attachment":[{"href":"https:\/\/stage.shop-cellularswiss.ch\/it\/wp-json\/wp\/v2\/media?parent=51351"}],"wp:term":[{"taxonomy":"pwb-brand","embeddable":true,"href":"https:\/\/stage.shop-cellularswiss.ch\/it\/wp-json\/wp\/v2\/pwb-brand?post=51351"},{"taxonomy":"product_cat","embeddable":true,"href":"https:\/\/stage.shop-cellularswiss.ch\/it\/wp-json\/wp\/v2\/product_cat?post=51351"},{"taxonomy":"product_tag","embeddable":true,"href":"https:\/\/stage.shop-cellularswiss.ch\/it\/wp-json\/wp\/v2\/product_tag?post=51351"},{"taxonomy":"compatibilite","embeddable":true,"href":"https:\/\/stage.shop-cellularswiss.ch\/it\/wp-json\/wp\/v2\/compatibilite?post=51351"},{"taxonomy":"compatibilite_smartphone","embeddable":true,"href":"https:\/\/stage.shop-cellularswiss.ch\/it\/wp-json\/wp\/v2\/compatibilite_smartphone?post=51351"}],"curies":[{"name":"wp","href":"https:\/\/api.w.org\/{rel}","templated":true}]}}