
{"id":51356,"date":"2021-03-20T12:44:52","date_gmt":"2021-03-20T11:44:52","guid":{"rendered":"https:\/\/stage.shop-cellularswiss.ch\/produit\/voyager-music-universale\/"},"modified":"2021-03-20T12:44:55","modified_gmt":"2021-03-20T11:44:55","slug":"voyager-music-universale","status":"publish","type":"product","link":"https:\/\/stage.shop-cellularswiss.ch\/it\/produit\/voyager-music-universale\/","title":{"rendered":"Voyager Music- Universale"},"content":{"rendered":"<p>Voyager Music \u00e8 la custodia impermeabile dotata di connettore per cuffie con jack da 3.5mm, ideale per ascoltare la colonna sonora delle tue vacanze al mare proteggendo lo smartphone da schizzi d\u2019acqua, creme solari, sabbia e sale. Voyager Music \u00e8 realizzata in materiale Touch-sensitive ultra sensibile e morbido, compatibile con force touch, touch ID e 3D touch ed \u00e8 dotata di un comodo laccetto da polso oltre che di una pratica banda posta sul retro, che consente di avere una presa pi\u00f9 salda e pi\u00f9 sicura dello smartphone in ogni momento. Inoltre, grazie alla certificazione IPX8 la custodia garantisce impermeabilit\u00e0 all\u2019acqua fino a 20 metri di profondit\u00e0.<\/p>\n","protected":false},"excerpt":{"rendered":"<p>Custodia per il mare impermeabile con connettore per auricolari<\/p>\n","protected":false},"featured_media":54211,"comment_status":"closed","ping_status":"open","template":"","meta":{"_et_pb_use_builder":"","_et_pb_old_content":"","_et_gb_content_width":""},"pwb-brand":[],"product_cat":[560,541],"product_tag":[],"compatibilite":[],"compatibilite_smartphone":[],"brands":[],"_links":{"self":[{"href":"https:\/\/stage.shop-cellularswiss.ch\/it\/wp-json\/wp\/v2\/product\/51356"}],"collection":[{"href":"https:\/\/stage.shop-cellularswiss.ch\/it\/wp-json\/wp\/v2\/product"}],"about":[{"href":"https:\/\/stage.shop-cellularswiss.ch\/it\/wp-json\/wp\/v2\/types\/product"}],"replies":[{"embeddable":true,"href":"https:\/\/stage.shop-cellularswiss.ch\/it\/wp-json\/wp\/v2\/comments?post=51356"}],"wp:featuredmedia":[{"embeddable":true,"href":"https:\/\/stage.shop-cellularswiss.ch\/it\/wp-json\/wp\/v2\/media\/54211"}],"wp:attachment":[{"href":"https:\/\/stage.shop-cellularswiss.ch\/it\/wp-json\/wp\/v2\/media?parent=51356"}],"wp:term":[{"taxonomy":"pwb-brand","embeddable":true,"href":"https:\/\/stage.shop-cellularswiss.ch\/it\/wp-json\/wp\/v2\/pwb-brand?post=51356"},{"taxonomy":"product_cat","embeddable":true,"href":"https:\/\/stage.shop-cellularswiss.ch\/it\/wp-json\/wp\/v2\/product_cat?post=51356"},{"taxonomy":"product_tag","embeddable":true,"href":"https:\/\/stage.shop-cellularswiss.ch\/it\/wp-json\/wp\/v2\/product_tag?post=51356"},{"taxonomy":"compatibilite","embeddable":true,"href":"https:\/\/stage.shop-cellularswiss.ch\/it\/wp-json\/wp\/v2\/compatibilite?post=51356"},{"taxonomy":"compatibilite_smartphone","embeddable":true,"href":"https:\/\/stage.shop-cellularswiss.ch\/it\/wp-json\/wp\/v2\/compatibilite_smartphone?post=51356"}],"curies":[{"name":"wp","href":"https:\/\/api.w.org\/{rel}","templated":true}]}}