
{"id":51358,"date":"2021-03-20T11:44:31","date_gmt":"2021-03-20T11:44:57","guid":{"rendered":"https:\/\/stage.shop-cellularswiss.ch\/produit\/voyager-pochette-per-smartphone-fino-a-53\/"},"modified":"2021-03-20T12:45:00","modified_gmt":"2021-03-20T11:45:00","slug":"voyager-pochette-per-smartphone-fino-a-53","status":"publish","type":"product","link":"https:\/\/stage.shop-cellularswiss.ch\/it\/produit\/voyager-pochette-per-smartphone-fino-a-53\/","title":{"rendered":"Voyager Pochette &#8211; Per Smartphone fino a 5,3&#8243;"},"content":{"rendered":"<p>Voyager Pochette \u00e8 molto di pi\u00f9 di una custodia impermeabile: permette di tenere con s\u00e9 in sicurezza tutto quello che serve per la vita da spiaggia. Oltre a una tasca trasparente per lo smartphone ha compartimenti per tessere e banconote e una tasca portaoggetti. Protegge da sabbia, crema, spruzzi, sporco e si porta facilmente grazie al laccetto da polso.<\/p>\n","protected":false},"excerpt":{"rendered":"<p>Custodia per il mare con tasca porta carte e banconote<\/p>\n","protected":false},"featured_media":54207,"comment_status":"closed","ping_status":"closed","template":"","meta":{"_et_pb_use_builder":"","_et_pb_old_content":"","_et_gb_content_width":""},"pwb-brand":[],"product_cat":[560,538,541],"product_tag":[],"compatibilite":[],"compatibilite_smartphone":[],"brands":[],"_links":{"self":[{"href":"https:\/\/stage.shop-cellularswiss.ch\/it\/wp-json\/wp\/v2\/product\/51358"}],"collection":[{"href":"https:\/\/stage.shop-cellularswiss.ch\/it\/wp-json\/wp\/v2\/product"}],"about":[{"href":"https:\/\/stage.shop-cellularswiss.ch\/it\/wp-json\/wp\/v2\/types\/product"}],"replies":[{"embeddable":true,"href":"https:\/\/stage.shop-cellularswiss.ch\/it\/wp-json\/wp\/v2\/comments?post=51358"}],"wp:featuredmedia":[{"embeddable":true,"href":"https:\/\/stage.shop-cellularswiss.ch\/it\/wp-json\/wp\/v2\/media\/54207"}],"wp:attachment":[{"href":"https:\/\/stage.shop-cellularswiss.ch\/it\/wp-json\/wp\/v2\/media?parent=51358"}],"wp:term":[{"taxonomy":"pwb-brand","embeddable":true,"href":"https:\/\/stage.shop-cellularswiss.ch\/it\/wp-json\/wp\/v2\/pwb-brand?post=51358"},{"taxonomy":"product_cat","embeddable":true,"href":"https:\/\/stage.shop-cellularswiss.ch\/it\/wp-json\/wp\/v2\/product_cat?post=51358"},{"taxonomy":"product_tag","embeddable":true,"href":"https:\/\/stage.shop-cellularswiss.ch\/it\/wp-json\/wp\/v2\/product_tag?post=51358"},{"taxonomy":"compatibilite","embeddable":true,"href":"https:\/\/stage.shop-cellularswiss.ch\/it\/wp-json\/wp\/v2\/compatibilite?post=51358"},{"taxonomy":"compatibilite_smartphone","embeddable":true,"href":"https:\/\/stage.shop-cellularswiss.ch\/it\/wp-json\/wp\/v2\/compatibilite_smartphone?post=51358"}],"curies":[{"name":"wp","href":"https:\/\/api.w.org\/{rel}","templated":true}]}}