
{"id":51359,"date":"2021-03-20T11:44:33","date_gmt":"2021-03-20T11:44:59","guid":{"rendered":"https:\/\/stage.shop-cellularswiss.ch\/produit\/voyager-pochette-smartphone-fino-a-5-2\/"},"modified":"2021-03-20T12:45:06","modified_gmt":"2021-03-20T11:45:06","slug":"voyager-pochette-smartphone-fino-a-5-2","status":"publish","type":"product","link":"https:\/\/stage.shop-cellularswiss.ch\/it\/produit\/voyager-pochette-smartphone-fino-a-5-2\/","title":{"rendered":"Voyager Pochette &#8211; Smartphone fino a 5.2&#8243;"},"content":{"rendered":"<p>Voyager Pochette \u00e8 la custodia dotata di doppia tasca impermeabile che consente di custodire e proteggere smartphone, banconote e documenti e per avere tutto il necessario sempre con s\u00e9 e vivere al meglio le vacanze al mare. Voyager Pochette \u00e8 certificata IPX4 e garantisce protezione e impermeabilit\u00e0 agli schizzi d\u2019acqua. Il pratico e comodo laccetto da polso, \u00e8 perfetto per avere sempre a portata di mano la custodia senza correre il rischio di perderla. Scegli la fantasia che pi\u00f9 si adatta al tuo stile e goditi a pieno l\u2019estate!<\/p>\n","protected":false},"excerpt":{"rendered":"<p>Custodia per il mare con tasca porta carte e banconote<\/p>\n","protected":false},"featured_media":54887,"comment_status":"closed","ping_status":"closed","template":"","meta":{"_et_pb_use_builder":"","_et_pb_old_content":"","_et_gb_content_width":""},"pwb-brand":[],"product_cat":[560,541],"product_tag":[],"compatibilite":[],"compatibilite_smartphone":[4375,4380,4358,4394,4395,4393,4412],"brands":[],"_links":{"self":[{"href":"https:\/\/stage.shop-cellularswiss.ch\/it\/wp-json\/wp\/v2\/product\/51359"}],"collection":[{"href":"https:\/\/stage.shop-cellularswiss.ch\/it\/wp-json\/wp\/v2\/product"}],"about":[{"href":"https:\/\/stage.shop-cellularswiss.ch\/it\/wp-json\/wp\/v2\/types\/product"}],"replies":[{"embeddable":true,"href":"https:\/\/stage.shop-cellularswiss.ch\/it\/wp-json\/wp\/v2\/comments?post=51359"}],"wp:featuredmedia":[{"embeddable":true,"href":"https:\/\/stage.shop-cellularswiss.ch\/it\/wp-json\/wp\/v2\/media\/54887"}],"wp:attachment":[{"href":"https:\/\/stage.shop-cellularswiss.ch\/it\/wp-json\/wp\/v2\/media?parent=51359"}],"wp:term":[{"taxonomy":"pwb-brand","embeddable":true,"href":"https:\/\/stage.shop-cellularswiss.ch\/it\/wp-json\/wp\/v2\/pwb-brand?post=51359"},{"taxonomy":"product_cat","embeddable":true,"href":"https:\/\/stage.shop-cellularswiss.ch\/it\/wp-json\/wp\/v2\/product_cat?post=51359"},{"taxonomy":"product_tag","embeddable":true,"href":"https:\/\/stage.shop-cellularswiss.ch\/it\/wp-json\/wp\/v2\/product_tag?post=51359"},{"taxonomy":"compatibilite","embeddable":true,"href":"https:\/\/stage.shop-cellularswiss.ch\/it\/wp-json\/wp\/v2\/compatibilite?post=51359"},{"taxonomy":"compatibilite_smartphone","embeddable":true,"href":"https:\/\/stage.shop-cellularswiss.ch\/it\/wp-json\/wp\/v2\/compatibilite_smartphone?post=51359"}],"curies":[{"name":"wp","href":"https:\/\/api.w.org\/{rel}","templated":true}]}}