
{"id":51362,"date":"2021-03-20T11:44:40","date_gmt":"2021-03-20T11:45:05","guid":{"rendered":"https:\/\/stage.shop-cellularswiss.ch\/produit\/voyager-pochette-universale\/"},"modified":"2021-03-20T12:45:08","modified_gmt":"2021-03-20T11:45:08","slug":"voyager-pochette-universale","status":"publish","type":"product","link":"https:\/\/stage.shop-cellularswiss.ch\/it\/produit\/voyager-pochette-universale\/","title":{"rendered":"Voyager Pochette &#8211; Universale"},"content":{"rendered":"<p>Voyager Pochette \u00e8 la custodia dotata di doppia tasca impermeabile che consente di custodire e proteggere smartphone, banconote, carte e documenti e per avere tutto il necessario sempre con s\u00e9 e vivere al meglio le vacanze al mare. Voyager Pochette \u00e8 realizzata in materiale Touch-sensitive ultra sensibile e morbido, compatibile con force touch, touch ID e 3D touch ed \u00e8 dotata di un comodo laccetto da polso. Inoltre, grazie alla certificazione IPX4 la custodia garantisce protezione e impermeabilit\u00e0 agli schizzi d\u2019acqua.<\/p>\n","protected":false},"excerpt":{"rendered":"<p>Custodia per il mare con tasca porta carte e banconote<\/p>\n","protected":false},"featured_media":54879,"comment_status":"closed","ping_status":"closed","template":"","meta":{"_et_pb_use_builder":"","_et_pb_old_content":"","_et_gb_content_width":""},"pwb-brand":[],"product_cat":[560,538,541],"product_tag":[],"compatibilite":[],"compatibilite_smartphone":[4449,4447,4380,4362,4358,4435,4433,4434,4385,4397],"brands":[],"_links":{"self":[{"href":"https:\/\/stage.shop-cellularswiss.ch\/it\/wp-json\/wp\/v2\/product\/51362"}],"collection":[{"href":"https:\/\/stage.shop-cellularswiss.ch\/it\/wp-json\/wp\/v2\/product"}],"about":[{"href":"https:\/\/stage.shop-cellularswiss.ch\/it\/wp-json\/wp\/v2\/types\/product"}],"replies":[{"embeddable":true,"href":"https:\/\/stage.shop-cellularswiss.ch\/it\/wp-json\/wp\/v2\/comments?post=51362"}],"wp:featuredmedia":[{"embeddable":true,"href":"https:\/\/stage.shop-cellularswiss.ch\/it\/wp-json\/wp\/v2\/media\/54879"}],"wp:attachment":[{"href":"https:\/\/stage.shop-cellularswiss.ch\/it\/wp-json\/wp\/v2\/media?parent=51362"}],"wp:term":[{"taxonomy":"pwb-brand","embeddable":true,"href":"https:\/\/stage.shop-cellularswiss.ch\/it\/wp-json\/wp\/v2\/pwb-brand?post=51362"},{"taxonomy":"product_cat","embeddable":true,"href":"https:\/\/stage.shop-cellularswiss.ch\/it\/wp-json\/wp\/v2\/product_cat?post=51362"},{"taxonomy":"product_tag","embeddable":true,"href":"https:\/\/stage.shop-cellularswiss.ch\/it\/wp-json\/wp\/v2\/product_tag?post=51362"},{"taxonomy":"compatibilite","embeddable":true,"href":"https:\/\/stage.shop-cellularswiss.ch\/it\/wp-json\/wp\/v2\/compatibilite?post=51362"},{"taxonomy":"compatibilite_smartphone","embeddable":true,"href":"https:\/\/stage.shop-cellularswiss.ch\/it\/wp-json\/wp\/v2\/compatibilite_smartphone?post=51362"}],"curies":[{"name":"wp","href":"https:\/\/api.w.org\/{rel}","templated":true}]}}