
{"id":51363,"date":"2021-03-20T11:44:42","date_gmt":"2021-03-20T11:45:07","guid":{"rendered":"https:\/\/stage.shop-cellularswiss.ch\/produit\/voyager-wallet-universale\/"},"modified":"2021-03-20T12:45:10","modified_gmt":"2021-03-20T11:45:10","slug":"voyager-wallet-universale","status":"publish","type":"product","link":"https:\/\/stage.shop-cellularswiss.ch\/it\/produit\/voyager-wallet-universale\/","title":{"rendered":"Voyager Wallet &#8211; Universale"},"content":{"rendered":"<p>Voyager Wallet \u00e8 la custodia che consente di custodire e proteggere smartphone e carte e per avere tutto il necessario sempre con s\u00e9 e vivere al meglio le vacanze al mare. Voyager Wallet \u00e8 realizzata in materiale Touch-sensitive ultra sensibile e morbido, compatibile con force touch, touch ID e 3D touch ed \u00e8 dotata di un comodo laccetto da polso.<\/p>\n","protected":false},"excerpt":{"rendered":"<p>Custodia per il mare con tasche porta carte<\/p>\n","protected":false},"featured_media":54875,"comment_status":"closed","ping_status":"closed","template":"","meta":{"_et_pb_use_builder":"","_et_pb_old_content":"","_et_gb_content_width":""},"pwb-brand":[],"product_cat":[560,541],"product_tag":[],"compatibilite":[],"compatibilite_smartphone":[4449,4447,4380,4362,4358,4434,4385,4397],"brands":[],"_links":{"self":[{"href":"https:\/\/stage.shop-cellularswiss.ch\/it\/wp-json\/wp\/v2\/product\/51363"}],"collection":[{"href":"https:\/\/stage.shop-cellularswiss.ch\/it\/wp-json\/wp\/v2\/product"}],"about":[{"href":"https:\/\/stage.shop-cellularswiss.ch\/it\/wp-json\/wp\/v2\/types\/product"}],"replies":[{"embeddable":true,"href":"https:\/\/stage.shop-cellularswiss.ch\/it\/wp-json\/wp\/v2\/comments?post=51363"}],"wp:featuredmedia":[{"embeddable":true,"href":"https:\/\/stage.shop-cellularswiss.ch\/it\/wp-json\/wp\/v2\/media\/54875"}],"wp:attachment":[{"href":"https:\/\/stage.shop-cellularswiss.ch\/it\/wp-json\/wp\/v2\/media?parent=51363"}],"wp:term":[{"taxonomy":"pwb-brand","embeddable":true,"href":"https:\/\/stage.shop-cellularswiss.ch\/it\/wp-json\/wp\/v2\/pwb-brand?post=51363"},{"taxonomy":"product_cat","embeddable":true,"href":"https:\/\/stage.shop-cellularswiss.ch\/it\/wp-json\/wp\/v2\/product_cat?post=51363"},{"taxonomy":"product_tag","embeddable":true,"href":"https:\/\/stage.shop-cellularswiss.ch\/it\/wp-json\/wp\/v2\/product_tag?post=51363"},{"taxonomy":"compatibilite","embeddable":true,"href":"https:\/\/stage.shop-cellularswiss.ch\/it\/wp-json\/wp\/v2\/compatibilite?post=51363"},{"taxonomy":"compatibilite_smartphone","embeddable":true,"href":"https:\/\/stage.shop-cellularswiss.ch\/it\/wp-json\/wp\/v2\/compatibilite_smartphone?post=51363"}],"curies":[{"name":"wp","href":"https:\/\/api.w.org\/{rel}","templated":true}]}}