
{"id":51398,"date":"2021-03-20T11:46:10","date_gmt":"2021-03-20T11:46:28","guid":{"rendered":"https:\/\/stage.shop-cellularswiss.ch\/produit\/zion-vr-universale\/"},"modified":"2021-03-20T12:46:31","modified_gmt":"2021-03-20T11:46:31","slug":"zion-vr-universale","status":"publish","type":"product","link":"https:\/\/stage.shop-cellularswiss.ch\/it\/produit\/zion-vr-universale\/","title":{"rendered":"Zion VR- Universale"},"content":{"rendered":"<p>Siediti e inizia a godere un nuovo spettacolo grazie a Zion VR il visore per smartphone, che ti introdurr\u00e0 nel mondo della realt\u00e0 virtuale. Il design distintivo e confortevole, lo rende l\u2019accessorio perfetto per vivere al meglio un\u2019esperienza nel mondo della realt\u00e0 virtuale, guardando video o film 3D\/360\u00b0, utilizzando uno dei giochi VR disponibili, oppure scoprendo la realt\u00e0 aumentata su cataloghi, musei, video e tanto altro. Per utilizzarlo, basta avviare una tra le tantissime App VR a disposizione gratuitamente su App Store e Google Play e inserire lo smartphone all\u2019interno dello slot scorrevole. Dopo aver regolato la distanza delle lenti per avere una visione pi\u00f9 chiara e confortevole, potrai iniziare la tua esperienza nel mondo della realt\u00e0 virtuale. Zion VR \u00e8 compatibile con tutti gli Smartphone e Phablet fino a 6\u2019\u2019.<\/p>\n","protected":false},"excerpt":{"rendered":"<p>Visore di Realt\u00e0 Virtuale per smartphone<\/p>\n","protected":false},"featured_media":34145,"comment_status":"closed","ping_status":"closed","template":"","meta":{"_et_pb_use_builder":"","_et_pb_old_content":"","_et_gb_content_width":""},"pwb-brand":[],"product_cat":[571,563],"product_tag":[],"compatibilite":[],"compatibilite_smartphone":[],"brands":[],"_links":{"self":[{"href":"https:\/\/stage.shop-cellularswiss.ch\/it\/wp-json\/wp\/v2\/product\/51398"}],"collection":[{"href":"https:\/\/stage.shop-cellularswiss.ch\/it\/wp-json\/wp\/v2\/product"}],"about":[{"href":"https:\/\/stage.shop-cellularswiss.ch\/it\/wp-json\/wp\/v2\/types\/product"}],"replies":[{"embeddable":true,"href":"https:\/\/stage.shop-cellularswiss.ch\/it\/wp-json\/wp\/v2\/comments?post=51398"}],"wp:featuredmedia":[{"embeddable":true,"href":"https:\/\/stage.shop-cellularswiss.ch\/it\/wp-json\/wp\/v2\/media\/34145"}],"wp:attachment":[{"href":"https:\/\/stage.shop-cellularswiss.ch\/it\/wp-json\/wp\/v2\/media?parent=51398"}],"wp:term":[{"taxonomy":"pwb-brand","embeddable":true,"href":"https:\/\/stage.shop-cellularswiss.ch\/it\/wp-json\/wp\/v2\/pwb-brand?post=51398"},{"taxonomy":"product_cat","embeddable":true,"href":"https:\/\/stage.shop-cellularswiss.ch\/it\/wp-json\/wp\/v2\/product_cat?post=51398"},{"taxonomy":"product_tag","embeddable":true,"href":"https:\/\/stage.shop-cellularswiss.ch\/it\/wp-json\/wp\/v2\/product_tag?post=51398"},{"taxonomy":"compatibilite","embeddable":true,"href":"https:\/\/stage.shop-cellularswiss.ch\/it\/wp-json\/wp\/v2\/compatibilite?post=51398"},{"taxonomy":"compatibilite_smartphone","embeddable":true,"href":"https:\/\/stage.shop-cellularswiss.ch\/it\/wp-json\/wp\/v2\/compatibilite_smartphone?post=51398"}],"curies":[{"name":"wp","href":"https:\/\/api.w.org\/{rel}","templated":true}]}}