
{"id":61326,"date":"2021-07-27T16:56:27","date_gmt":"2021-07-27T15:06:25","guid":{"rendered":"https:\/\/stage.shop-cellularswiss.ch\/produit\/mini-bag-universale\/"},"modified":"2021-07-27T17:06:36","modified_gmt":"2021-07-27T15:06:36","slug":"mini-bag-universale","status":"publish","type":"product","link":"https:\/\/stage.shop-cellularswiss.ch\/it\/produit\/mini-bag-universale\/","title":{"rendered":"Mini Bag &#8211; Universale"},"content":{"rendered":"<p>MINI BAG \u00e8 la custodia universale da indossare a tracolla per avere sempre con s\u00e9 il proprio smartphone. \u00c8 realizzata in morbido materiale effetto pelle ed \u00e8 dotata di chiusura magnetica con linguetta elastica per facilitare l\u2019estrazione dello smartphone. Dotata di un taschino posteriore per monete e carte, \u00e8 comoda e pratica: ideale per essere utilizzata tutti i giorni.<\/p>\n","protected":false},"excerpt":{"rendered":"<p>Custodia universale a fondina effetto pelle con tracolla regolabile<\/p>\n","protected":false},"featured_media":60053,"comment_status":"closed","ping_status":"closed","template":"","meta":{"_et_pb_use_builder":"","_et_pb_old_content":"","_et_gb_content_width":""},"pwb-brand":[],"product_cat":[560,541],"product_tag":[],"compatibilite":[],"compatibilite_smartphone":[4658],"brands":[],"_links":{"self":[{"href":"https:\/\/stage.shop-cellularswiss.ch\/it\/wp-json\/wp\/v2\/product\/61326"}],"collection":[{"href":"https:\/\/stage.shop-cellularswiss.ch\/it\/wp-json\/wp\/v2\/product"}],"about":[{"href":"https:\/\/stage.shop-cellularswiss.ch\/it\/wp-json\/wp\/v2\/types\/product"}],"replies":[{"embeddable":true,"href":"https:\/\/stage.shop-cellularswiss.ch\/it\/wp-json\/wp\/v2\/comments?post=61326"}],"wp:featuredmedia":[{"embeddable":true,"href":"https:\/\/stage.shop-cellularswiss.ch\/it\/wp-json\/wp\/v2\/media\/60053"}],"wp:attachment":[{"href":"https:\/\/stage.shop-cellularswiss.ch\/it\/wp-json\/wp\/v2\/media?parent=61326"}],"wp:term":[{"taxonomy":"pwb-brand","embeddable":true,"href":"https:\/\/stage.shop-cellularswiss.ch\/it\/wp-json\/wp\/v2\/pwb-brand?post=61326"},{"taxonomy":"product_cat","embeddable":true,"href":"https:\/\/stage.shop-cellularswiss.ch\/it\/wp-json\/wp\/v2\/product_cat?post=61326"},{"taxonomy":"product_tag","embeddable":true,"href":"https:\/\/stage.shop-cellularswiss.ch\/it\/wp-json\/wp\/v2\/product_tag?post=61326"},{"taxonomy":"compatibilite","embeddable":true,"href":"https:\/\/stage.shop-cellularswiss.ch\/it\/wp-json\/wp\/v2\/compatibilite?post=61326"},{"taxonomy":"compatibilite_smartphone","embeddable":true,"href":"https:\/\/stage.shop-cellularswiss.ch\/it\/wp-json\/wp\/v2\/compatibilite_smartphone?post=61326"}],"curies":[{"name":"wp","href":"https:\/\/api.w.org\/{rel}","templated":true}]}}