
{"id":61335,"date":"2021-07-27T17:06:50","date_gmt":"2021-07-27T15:06:50","guid":{"rendered":"https:\/\/stage.shop-cellularswiss.ch\/produit\/octopus-wireless-power-bank-10000-power-delivery\/"},"modified":"2021-07-27T17:06:54","modified_gmt":"2021-07-27T15:06:54","slug":"octopus-wireless-power-bank-10000-power-delivery","status":"publish","type":"product","link":"https:\/\/stage.shop-cellularswiss.ch\/it\/produit\/octopus-wireless-power-bank-10000-power-delivery\/","title":{"rendered":"OCTOPUS Wireless Power Bank 10000 &#8211; Power Delivery"},"content":{"rendered":"<p>OCTOPUS SUPER FAST 10000 \u00e8 il Power Bank senza fili di Cellularline che consente di caricare velocemente tutti gli smartphones compatibili con la tecnologia di carica Wireless Qi. Grazie al sistema di fissaggio con ventose, il caricabatterie si aggancia saldamente allo smartphone, permettendo quindi di caricare e contemporaneamente continuare ad utilizzare il proprio dispositivo; in tutta tranquillit\u00e0 e senza alcun bisogno di cavi. OCTOPUS SUPER FAST 10000 \u00e8 inoltre dotato di un pratico stand a scomparsa per visualizzare comodamente lo schermo del proprio device mentre \u00e8 in carica. Questo Power Bank \u00e8 un concentrato di tecnologia: la ricarica tramite cavo garantisce prestazioni di carica elevate, anche con gli smartphones pi\u00f9 avanzati. \u00c8 infatti dotato delle seguenti tecnologie: porta USB-C Power Delivery 18W per iPhone, Qualcomm\u00ae Quick Charge\u2122 3.0, 9V2A Fast Charging e Adaptive Technology per la carica veloce degli smartphone Samsung, Huawei e di altri brand. Qualcomm is a trademark of Qualcomm Incorporated, registered in the United States and other countries. Quick Charge is a trademark of Qualcomm Incorporated. Qualcomm Quick Charge is a product of Qualcomm Technologies, Inc. and\/or its subsidiaries.<\/p>\n","protected":false},"excerpt":{"rendered":"<p>Caricabatterie portatile con carica Wireless<\/p>\n","protected":false},"featured_media":60709,"comment_status":"closed","ping_status":"open","template":"","meta":{"_et_pb_use_builder":"","_et_pb_old_content":"","_et_gb_content_width":""},"pwb-brand":[],"product_cat":[653,605],"product_tag":[],"compatibilite":[],"compatibilite_smartphone":[4661],"brands":[],"_links":{"self":[{"href":"https:\/\/stage.shop-cellularswiss.ch\/it\/wp-json\/wp\/v2\/product\/61335"}],"collection":[{"href":"https:\/\/stage.shop-cellularswiss.ch\/it\/wp-json\/wp\/v2\/product"}],"about":[{"href":"https:\/\/stage.shop-cellularswiss.ch\/it\/wp-json\/wp\/v2\/types\/product"}],"replies":[{"embeddable":true,"href":"https:\/\/stage.shop-cellularswiss.ch\/it\/wp-json\/wp\/v2\/comments?post=61335"}],"wp:featuredmedia":[{"embeddable":true,"href":"https:\/\/stage.shop-cellularswiss.ch\/it\/wp-json\/wp\/v2\/media\/60709"}],"wp:attachment":[{"href":"https:\/\/stage.shop-cellularswiss.ch\/it\/wp-json\/wp\/v2\/media?parent=61335"}],"wp:term":[{"taxonomy":"pwb-brand","embeddable":true,"href":"https:\/\/stage.shop-cellularswiss.ch\/it\/wp-json\/wp\/v2\/pwb-brand?post=61335"},{"taxonomy":"product_cat","embeddable":true,"href":"https:\/\/stage.shop-cellularswiss.ch\/it\/wp-json\/wp\/v2\/product_cat?post=61335"},{"taxonomy":"product_tag","embeddable":true,"href":"https:\/\/stage.shop-cellularswiss.ch\/it\/wp-json\/wp\/v2\/product_tag?post=61335"},{"taxonomy":"compatibilite","embeddable":true,"href":"https:\/\/stage.shop-cellularswiss.ch\/it\/wp-json\/wp\/v2\/compatibilite?post=61335"},{"taxonomy":"compatibilite_smartphone","embeddable":true,"href":"https:\/\/stage.shop-cellularswiss.ch\/it\/wp-json\/wp\/v2\/compatibilite_smartphone?post=61335"}],"curies":[{"name":"wp","href":"https:\/\/api.w.org\/{rel}","templated":true}]}}