
{"id":61369,"date":"2021-07-27T16:58:36","date_gmt":"2021-07-27T15:08:30","guid":{"rendered":"https:\/\/stage.shop-cellularswiss.ch\/produit\/universal-lace-universale\/"},"modified":"2021-07-27T17:08:43","modified_gmt":"2021-07-27T15:08:43","slug":"universal-lace-universale","status":"publish","type":"product","link":"https:\/\/stage.shop-cellularswiss.ch\/it\/produit\/universal-lace-universale\/","title":{"rendered":"Universal Lace &#8211; Universale"},"content":{"rendered":"<p>UNIVERSAL LACE \u00e8 la soluzione universale per tutti gli smartphones e per tutte le tipologie di custodie, che consente di portare al collo o a tracolla il proprio smartphone e averlo sempre a portata di mano. Universal Lace si compone di un laccio in tessuto regolabile al quale \u00e8 agganciata una linguetta in plastica trasparente da posizionare tra la custodia e lo smartphone. La linguetta adesiva pu\u00f2 essere attaccata alla custodia o al retro del telefono e grazie alla colla epossidica si pu\u00f2 staccare e riutilizzare pi\u00f9 volte.<\/p>\n","protected":false},"excerpt":{"rendered":"<p>Laccio da collo universale per smartphones<\/p>\n","protected":false},"featured_media":59725,"comment_status":"closed","ping_status":"closed","template":"","meta":{"_et_pb_use_builder":"","_et_pb_old_content":"","_et_gb_content_width":""},"pwb-brand":[],"product_cat":[648,605],"product_tag":[],"compatibilite":[],"compatibilite_smartphone":[],"brands":[],"_links":{"self":[{"href":"https:\/\/stage.shop-cellularswiss.ch\/it\/wp-json\/wp\/v2\/product\/61369"}],"collection":[{"href":"https:\/\/stage.shop-cellularswiss.ch\/it\/wp-json\/wp\/v2\/product"}],"about":[{"href":"https:\/\/stage.shop-cellularswiss.ch\/it\/wp-json\/wp\/v2\/types\/product"}],"replies":[{"embeddable":true,"href":"https:\/\/stage.shop-cellularswiss.ch\/it\/wp-json\/wp\/v2\/comments?post=61369"}],"wp:featuredmedia":[{"embeddable":true,"href":"https:\/\/stage.shop-cellularswiss.ch\/it\/wp-json\/wp\/v2\/media\/59725"}],"wp:attachment":[{"href":"https:\/\/stage.shop-cellularswiss.ch\/it\/wp-json\/wp\/v2\/media?parent=61369"}],"wp:term":[{"taxonomy":"pwb-brand","embeddable":true,"href":"https:\/\/stage.shop-cellularswiss.ch\/it\/wp-json\/wp\/v2\/pwb-brand?post=61369"},{"taxonomy":"product_cat","embeddable":true,"href":"https:\/\/stage.shop-cellularswiss.ch\/it\/wp-json\/wp\/v2\/product_cat?post=61369"},{"taxonomy":"product_tag","embeddable":true,"href":"https:\/\/stage.shop-cellularswiss.ch\/it\/wp-json\/wp\/v2\/product_tag?post=61369"},{"taxonomy":"compatibilite","embeddable":true,"href":"https:\/\/stage.shop-cellularswiss.ch\/it\/wp-json\/wp\/v2\/compatibilite?post=61369"},{"taxonomy":"compatibilite_smartphone","embeddable":true,"href":"https:\/\/stage.shop-cellularswiss.ch\/it\/wp-json\/wp\/v2\/compatibilite_smartphone?post=61369"}],"curies":[{"name":"wp","href":"https:\/\/api.w.org\/{rel}","templated":true}]}}