
{"id":63140,"date":"2021-09-15T16:05:23","date_gmt":"2021-09-15T14:05:23","guid":{"rendered":"https:\/\/stage.shop-cellularswiss.ch\/produit\/shell-airtag\/"},"modified":"2021-09-15T16:05:28","modified_gmt":"2021-09-15T14:05:28","slug":"shell-airtag","status":"publish","type":"product","link":"https:\/\/stage.shop-cellularswiss.ch\/it\/produit\/shell-airtag\/","title":{"rendered":"Shell &#8211; Airtag"},"content":{"rendered":"<p>SHELL \u00e8 la custodia trasparente in gomma morbida che protegge il fronte e il retro di AirTag. Grazie al pratico moschettone, pu\u00f2 essere agganciata alle chiavi, alla borsa o allo zaino per portare AirTag sempre con s\u00e9.<\/p>\n","protected":false},"excerpt":{"rendered":"<p>Custodia in gomma morbida con gancio per AirTag<\/p>\n","protected":false},"featured_media":63488,"comment_status":"closed","ping_status":"open","template":"","meta":{"_et_pb_use_builder":"","_et_pb_old_content":"","_et_gb_content_width":""},"pwb-brand":[],"product_cat":[545,541],"product_tag":[],"compatibilite":[],"compatibilite_smartphone":[4663],"brands":[],"_links":{"self":[{"href":"https:\/\/stage.shop-cellularswiss.ch\/it\/wp-json\/wp\/v2\/product\/63140"}],"collection":[{"href":"https:\/\/stage.shop-cellularswiss.ch\/it\/wp-json\/wp\/v2\/product"}],"about":[{"href":"https:\/\/stage.shop-cellularswiss.ch\/it\/wp-json\/wp\/v2\/types\/product"}],"replies":[{"embeddable":true,"href":"https:\/\/stage.shop-cellularswiss.ch\/it\/wp-json\/wp\/v2\/comments?post=63140"}],"wp:featuredmedia":[{"embeddable":true,"href":"https:\/\/stage.shop-cellularswiss.ch\/it\/wp-json\/wp\/v2\/media\/63488"}],"wp:attachment":[{"href":"https:\/\/stage.shop-cellularswiss.ch\/it\/wp-json\/wp\/v2\/media?parent=63140"}],"wp:term":[{"taxonomy":"pwb-brand","embeddable":true,"href":"https:\/\/stage.shop-cellularswiss.ch\/it\/wp-json\/wp\/v2\/pwb-brand?post=63140"},{"taxonomy":"product_cat","embeddable":true,"href":"https:\/\/stage.shop-cellularswiss.ch\/it\/wp-json\/wp\/v2\/product_cat?post=63140"},{"taxonomy":"product_tag","embeddable":true,"href":"https:\/\/stage.shop-cellularswiss.ch\/it\/wp-json\/wp\/v2\/product_tag?post=63140"},{"taxonomy":"compatibilite","embeddable":true,"href":"https:\/\/stage.shop-cellularswiss.ch\/it\/wp-json\/wp\/v2\/compatibilite?post=63140"},{"taxonomy":"compatibilite_smartphone","embeddable":true,"href":"https:\/\/stage.shop-cellularswiss.ch\/it\/wp-json\/wp\/v2\/compatibilite_smartphone?post=63140"}],"curies":[{"name":"wp","href":"https:\/\/api.w.org\/{rel}","templated":true}]}}