
{"id":63168,"date":"2021-09-15T16:06:37","date_gmt":"2021-09-15T14:06:37","guid":{"rendered":"https:\/\/stage.shop-cellularswiss.ch\/produit\/touch-hook-universal\/"},"modified":"2021-09-15T16:06:41","modified_gmt":"2021-09-15T14:06:41","slug":"touch-hook-universal","status":"publish","type":"product","link":"https:\/\/stage.shop-cellularswiss.ch\/it\/produit\/touch-hook-universal\/","title":{"rendered":"Touch Hook &#8211;  Universal"},"content":{"rendered":"<p>TOUCH HOOK \u00e8 il supporto smartphone da auto magnetico, senza meccanismi: \u00e8 sufficiente applicare una delle placchette metalliche in dotazione sul retro dello smartphone per inserirlo e disinserirlo dal supporto con un semplice gesto. Dotato dell&#8217;esclusiva tecnologia magnetica Mag4, Touch Hook \u00e8  SICURO, SOLIDO, SEMPLICE e STABILE: facile da applicare, sostiene con forza anche lo smartphone pi\u00f9 pesante senza interferire con le sue funzionalit\u00e0. Si fissa sui tubolari dei poggiatesta di diametro compreso fra 8 e 12mm. Lo snodo a sfera orientabile e la rotazione a 360\u00b0 consentono il posizionamento e la visualizzazione ottimale dello smartphone.<\/p>\n","protected":false},"excerpt":{"rendered":"<p>Supporto smartphone da auto magnetico con fissaggio per poggiatesta<\/p>\n","protected":false},"featured_media":63808,"comment_status":"closed","ping_status":"open","template":"","meta":{"_et_pb_use_builder":"","_et_pb_old_content":"","_et_gb_content_width":""},"pwb-brand":[],"product_cat":[647,605],"product_tag":[],"compatibilite":[],"compatibilite_smartphone":[4658],"brands":[],"_links":{"self":[{"href":"https:\/\/stage.shop-cellularswiss.ch\/it\/wp-json\/wp\/v2\/product\/63168"}],"collection":[{"href":"https:\/\/stage.shop-cellularswiss.ch\/it\/wp-json\/wp\/v2\/product"}],"about":[{"href":"https:\/\/stage.shop-cellularswiss.ch\/it\/wp-json\/wp\/v2\/types\/product"}],"replies":[{"embeddable":true,"href":"https:\/\/stage.shop-cellularswiss.ch\/it\/wp-json\/wp\/v2\/comments?post=63168"}],"wp:featuredmedia":[{"embeddable":true,"href":"https:\/\/stage.shop-cellularswiss.ch\/it\/wp-json\/wp\/v2\/media\/63808"}],"wp:attachment":[{"href":"https:\/\/stage.shop-cellularswiss.ch\/it\/wp-json\/wp\/v2\/media?parent=63168"}],"wp:term":[{"taxonomy":"pwb-brand","embeddable":true,"href":"https:\/\/stage.shop-cellularswiss.ch\/it\/wp-json\/wp\/v2\/pwb-brand?post=63168"},{"taxonomy":"product_cat","embeddable":true,"href":"https:\/\/stage.shop-cellularswiss.ch\/it\/wp-json\/wp\/v2\/product_cat?post=63168"},{"taxonomy":"product_tag","embeddable":true,"href":"https:\/\/stage.shop-cellularswiss.ch\/it\/wp-json\/wp\/v2\/product_tag?post=63168"},{"taxonomy":"compatibilite","embeddable":true,"href":"https:\/\/stage.shop-cellularswiss.ch\/it\/wp-json\/wp\/v2\/compatibilite?post=63168"},{"taxonomy":"compatibilite_smartphone","embeddable":true,"href":"https:\/\/stage.shop-cellularswiss.ch\/it\/wp-json\/wp\/v2\/compatibilite_smartphone?post=63168"}],"curies":[{"name":"wp","href":"https:\/\/api.w.org\/{rel}","templated":true}]}}