
{"id":63172,"date":"2021-09-15T16:03:22","date_gmt":"2021-09-15T14:06:49","guid":{"rendered":"https:\/\/stage.shop-cellularswiss.ch\/produit\/octopus-wireless-power-bank-10000\/"},"modified":"2021-09-15T16:06:52","modified_gmt":"2021-09-15T14:06:52","slug":"octopus-wireless-power-bank-10000","status":"publish","type":"product","link":"https:\/\/stage.shop-cellularswiss.ch\/it\/produit\/octopus-wireless-power-bank-10000\/","title":{"rendered":"OCTOPUS Wireless Power Bank 10000"},"content":{"rendered":"<p>OCTOPUS 10000 \u00e8 il Power Bank senza fili di Cellularline che consente di caricare velocemente tutti gli smartphones compatibili con la tecnologia di carica Wireless Qi. Grazie al sistema di fissaggio con ventose, il caricabatterie si aggancia saldamente allo smartphone, permettendo quindi di caricare e contemporaneamente continuare ad utilizzare il proprio dispositivo; in tutta tranquillit\u00e0 e senza alcun bisogno di cavi. OCTOPUS 10000 \u00e8 inoltre dotato di un pratico stand a scomparsa per visualizzare comodamente lo schermo del proprio device mentre \u00e8 in carica. Le porte USB, USB-C e MICRO USB consentono la ricarica con cavo in caso di necessit\u00e0.<\/p>\n","protected":false},"excerpt":{"rendered":"<p>Caricabatterie portatile con carica Wireless<\/p>\n","protected":false},"featured_media":0,"comment_status":"closed","ping_status":"closed","template":"","meta":{"_et_pb_use_builder":"","_et_pb_old_content":"","_et_gb_content_width":""},"pwb-brand":[],"product_cat":[653,605],"product_tag":[],"compatibilite":[],"compatibilite_smartphone":[4658],"brands":[],"_links":{"self":[{"href":"https:\/\/stage.shop-cellularswiss.ch\/it\/wp-json\/wp\/v2\/product\/63172"}],"collection":[{"href":"https:\/\/stage.shop-cellularswiss.ch\/it\/wp-json\/wp\/v2\/product"}],"about":[{"href":"https:\/\/stage.shop-cellularswiss.ch\/it\/wp-json\/wp\/v2\/types\/product"}],"replies":[{"embeddable":true,"href":"https:\/\/stage.shop-cellularswiss.ch\/it\/wp-json\/wp\/v2\/comments?post=63172"}],"wp:attachment":[{"href":"https:\/\/stage.shop-cellularswiss.ch\/it\/wp-json\/wp\/v2\/media?parent=63172"}],"wp:term":[{"taxonomy":"pwb-brand","embeddable":true,"href":"https:\/\/stage.shop-cellularswiss.ch\/it\/wp-json\/wp\/v2\/pwb-brand?post=63172"},{"taxonomy":"product_cat","embeddable":true,"href":"https:\/\/stage.shop-cellularswiss.ch\/it\/wp-json\/wp\/v2\/product_cat?post=63172"},{"taxonomy":"product_tag","embeddable":true,"href":"https:\/\/stage.shop-cellularswiss.ch\/it\/wp-json\/wp\/v2\/product_tag?post=63172"},{"taxonomy":"compatibilite","embeddable":true,"href":"https:\/\/stage.shop-cellularswiss.ch\/it\/wp-json\/wp\/v2\/compatibilite?post=63172"},{"taxonomy":"compatibilite_smartphone","embeddable":true,"href":"https:\/\/stage.shop-cellularswiss.ch\/it\/wp-json\/wp\/v2\/compatibilite_smartphone?post=63172"}],"curies":[{"name":"wp","href":"https:\/\/api.w.org\/{rel}","templated":true}]}}