
{"id":65755,"date":"2021-09-23T14:01:52","date_gmt":"2021-09-23T13:02:35","guid":{"rendered":"https:\/\/stage.shop-cellularswiss.ch\/produit\/usb-charger-10w-usb-c\/"},"modified":"2021-09-23T15:02:40","modified_gmt":"2021-09-23T13:02:40","slug":"usb-charger-10w-usb-c","status":"publish","type":"product","link":"https:\/\/stage.shop-cellularswiss.ch\/it\/produit\/usb-charger-10w-usb-c\/","title":{"rendered":"USB Charger 10W &#8211; USB-C"},"content":{"rendered":"<p>USB CHARGER 10W \u00e8 il caricabatterie USB-C che offre una carica base per tutti i dispositivi dotati di porta USB-C. La carica pu\u00f2 essere pi\u00f9 lenta su alcuni telefoni a seconda della loro tecnologia di carica. Nella confezione \u00e8 presente il cavo da USB a USB-C lungo 100 cm.<\/p>\n","protected":false},"excerpt":{"rendered":"<p>Caricabatterie da rete 10W con cavo USB-C<\/p>\n","protected":false},"featured_media":48631,"comment_status":"closed","ping_status":"closed","template":"","meta":{"_et_pb_use_builder":"","_et_pb_old_content":"","_et_gb_content_width":""},"pwb-brand":[],"product_cat":[606,605],"product_tag":[],"compatibilite":[],"compatibilite_smartphone":[],"brands":[],"_links":{"self":[{"href":"https:\/\/stage.shop-cellularswiss.ch\/it\/wp-json\/wp\/v2\/product\/65755"}],"collection":[{"href":"https:\/\/stage.shop-cellularswiss.ch\/it\/wp-json\/wp\/v2\/product"}],"about":[{"href":"https:\/\/stage.shop-cellularswiss.ch\/it\/wp-json\/wp\/v2\/types\/product"}],"replies":[{"embeddable":true,"href":"https:\/\/stage.shop-cellularswiss.ch\/it\/wp-json\/wp\/v2\/comments?post=65755"}],"wp:featuredmedia":[{"embeddable":true,"href":"https:\/\/stage.shop-cellularswiss.ch\/it\/wp-json\/wp\/v2\/media\/48631"}],"wp:attachment":[{"href":"https:\/\/stage.shop-cellularswiss.ch\/it\/wp-json\/wp\/v2\/media?parent=65755"}],"wp:term":[{"taxonomy":"pwb-brand","embeddable":true,"href":"https:\/\/stage.shop-cellularswiss.ch\/it\/wp-json\/wp\/v2\/pwb-brand?post=65755"},{"taxonomy":"product_cat","embeddable":true,"href":"https:\/\/stage.shop-cellularswiss.ch\/it\/wp-json\/wp\/v2\/product_cat?post=65755"},{"taxonomy":"product_tag","embeddable":true,"href":"https:\/\/stage.shop-cellularswiss.ch\/it\/wp-json\/wp\/v2\/product_tag?post=65755"},{"taxonomy":"compatibilite","embeddable":true,"href":"https:\/\/stage.shop-cellularswiss.ch\/it\/wp-json\/wp\/v2\/compatibilite?post=65755"},{"taxonomy":"compatibilite_smartphone","embeddable":true,"href":"https:\/\/stage.shop-cellularswiss.ch\/it\/wp-json\/wp\/v2\/compatibilite_smartphone?post=65755"}],"curies":[{"name":"wp","href":"https:\/\/api.w.org\/{rel}","templated":true}]}}