
{"id":65790,"date":"2021-09-23T14:03:22","date_gmt":"2021-09-23T13:04:44","guid":{"rendered":"https:\/\/stage.shop-cellularswiss.ch\/produit\/music-sound-bluetooth-speaker-led-universal\/"},"modified":"2021-09-23T15:04:50","modified_gmt":"2021-09-23T13:04:50","slug":"music-sound-bluetooth-speaker-led-universal","status":"publish","type":"product","link":"https:\/\/stage.shop-cellularswiss.ch\/it\/produit\/music-sound-bluetooth-speaker-led-universal\/","title":{"rendered":"Music Sound Bluetooth Speaker Led &#8211; Universal"},"content":{"rendered":"<p>Lo speaker Music Sound FLUID LED \u00e8 pensato per chi ama i colori e la musica. La riproduzione musicale infatti, sar\u00e0 accompagnata da giochi di luce e colori! Con i suoi 5 Watt di potenza e una autonomia di 6 ore, questo speaker diventer\u00e0 un vero e proprio compagno indispensabile per il tuo divertimento.<\/p>\n","protected":false},"excerpt":{"rendered":"<p>Speaker Bluetooth Music Sound con 5 watt di potenza e luci led<\/p>\n","protected":false},"featured_media":64360,"comment_status":"closed","ping_status":"closed","template":"","meta":{"_et_pb_use_builder":"","_et_pb_old_content":"","_et_gb_content_width":""},"pwb-brand":[],"product_cat":[475,485],"product_tag":[],"compatibilite":[],"compatibilite_smartphone":[4725],"brands":[],"_links":{"self":[{"href":"https:\/\/stage.shop-cellularswiss.ch\/it\/wp-json\/wp\/v2\/product\/65790"}],"collection":[{"href":"https:\/\/stage.shop-cellularswiss.ch\/it\/wp-json\/wp\/v2\/product"}],"about":[{"href":"https:\/\/stage.shop-cellularswiss.ch\/it\/wp-json\/wp\/v2\/types\/product"}],"replies":[{"embeddable":true,"href":"https:\/\/stage.shop-cellularswiss.ch\/it\/wp-json\/wp\/v2\/comments?post=65790"}],"wp:featuredmedia":[{"embeddable":true,"href":"https:\/\/stage.shop-cellularswiss.ch\/it\/wp-json\/wp\/v2\/media\/64360"}],"wp:attachment":[{"href":"https:\/\/stage.shop-cellularswiss.ch\/it\/wp-json\/wp\/v2\/media?parent=65790"}],"wp:term":[{"taxonomy":"pwb-brand","embeddable":true,"href":"https:\/\/stage.shop-cellularswiss.ch\/it\/wp-json\/wp\/v2\/pwb-brand?post=65790"},{"taxonomy":"product_cat","embeddable":true,"href":"https:\/\/stage.shop-cellularswiss.ch\/it\/wp-json\/wp\/v2\/product_cat?post=65790"},{"taxonomy":"product_tag","embeddable":true,"href":"https:\/\/stage.shop-cellularswiss.ch\/it\/wp-json\/wp\/v2\/product_tag?post=65790"},{"taxonomy":"compatibilite","embeddable":true,"href":"https:\/\/stage.shop-cellularswiss.ch\/it\/wp-json\/wp\/v2\/compatibilite?post=65790"},{"taxonomy":"compatibilite_smartphone","embeddable":true,"href":"https:\/\/stage.shop-cellularswiss.ch\/it\/wp-json\/wp\/v2\/compatibilite_smartphone?post=65790"}],"curies":[{"name":"wp","href":"https:\/\/api.w.org\/{rel}","templated":true}]}}