
{"id":65816,"date":"2021-09-23T14:04:17","date_gmt":"2021-09-23T13:06:16","guid":{"rendered":"https:\/\/stage.shop-cellularswiss.ch\/produit\/power-bank-slim-3000-2\/"},"modified":"2021-09-23T15:06:22","modified_gmt":"2021-09-23T13:06:22","slug":"power-bank-slim-3000-2","status":"publish","type":"product","link":"https:\/\/stage.shop-cellularswiss.ch\/it\/produit\/power-bank-slim-3000-2\/","title":{"rendered":"Power Bank SLIM 3000"},"content":{"rendered":"<p>Power Bank SLIM 3000 \u00e8 il caricabatterie portatile ultrasottile che in soli 7.5 mm di spessore offre carica veloce e zero ingombri. Il design ultrasottile lo rende perfetto per la mobilit\u00e0, la soluzione ideale da portare sempre con s\u00e8. Dotato di porta input USB-C, pu\u00f2 essere ricaricato direttamente con i cavi USB-C degli smartphones.<\/p>\n","protected":false},"excerpt":{"rendered":"<p>Caricabatterie portatile ultrasottile<\/p>\n","protected":false},"featured_media":64576,"comment_status":"closed","ping_status":"closed","template":"","meta":{"_et_pb_use_builder":"","_et_pb_old_content":"","_et_gb_content_width":""},"pwb-brand":[],"product_cat":[653,605],"product_tag":[],"compatibilite":[],"compatibilite_smartphone":[4725],"brands":[],"_links":{"self":[{"href":"https:\/\/stage.shop-cellularswiss.ch\/it\/wp-json\/wp\/v2\/product\/65816"}],"collection":[{"href":"https:\/\/stage.shop-cellularswiss.ch\/it\/wp-json\/wp\/v2\/product"}],"about":[{"href":"https:\/\/stage.shop-cellularswiss.ch\/it\/wp-json\/wp\/v2\/types\/product"}],"replies":[{"embeddable":true,"href":"https:\/\/stage.shop-cellularswiss.ch\/it\/wp-json\/wp\/v2\/comments?post=65816"}],"wp:featuredmedia":[{"embeddable":true,"href":"https:\/\/stage.shop-cellularswiss.ch\/it\/wp-json\/wp\/v2\/media\/64576"}],"wp:attachment":[{"href":"https:\/\/stage.shop-cellularswiss.ch\/it\/wp-json\/wp\/v2\/media?parent=65816"}],"wp:term":[{"taxonomy":"pwb-brand","embeddable":true,"href":"https:\/\/stage.shop-cellularswiss.ch\/it\/wp-json\/wp\/v2\/pwb-brand?post=65816"},{"taxonomy":"product_cat","embeddable":true,"href":"https:\/\/stage.shop-cellularswiss.ch\/it\/wp-json\/wp\/v2\/product_cat?post=65816"},{"taxonomy":"product_tag","embeddable":true,"href":"https:\/\/stage.shop-cellularswiss.ch\/it\/wp-json\/wp\/v2\/product_tag?post=65816"},{"taxonomy":"compatibilite","embeddable":true,"href":"https:\/\/stage.shop-cellularswiss.ch\/it\/wp-json\/wp\/v2\/compatibilite?post=65816"},{"taxonomy":"compatibilite_smartphone","embeddable":true,"href":"https:\/\/stage.shop-cellularswiss.ch\/it\/wp-json\/wp\/v2\/compatibilite_smartphone?post=65816"}],"curies":[{"name":"wp","href":"https:\/\/api.w.org\/{rel}","templated":true}]}}