
{"id":65820,"date":"2021-09-23T14:04:26","date_gmt":"2021-09-23T13:06:34","guid":{"rendered":"https:\/\/stage.shop-cellularswiss.ch\/produit\/gloss-iphone-13\/"},"modified":"2021-09-23T15:06:38","modified_gmt":"2021-09-23T13:06:38","slug":"gloss-iphone-13","status":"publish","type":"product","link":"https:\/\/stage.shop-cellularswiss.ch\/it\/produit\/gloss-iphone-13\/","title":{"rendered":"Gloss &#8211; iPhone 13"},"content":{"rendered":"<p>Gloss \u00e8 la soluzione trasparente realizzata in doppio materiale, TPU e policarbonato, che rende la custodia altamente protettiva e resistente, con certificazione Military Test. La custodia avvolge perfettamente lo smartphone, proteggendo bordi e tasti senza alterarne il design. La finitura esterna permette una presa salda della custodia e una maggiore protezione da graffi. \u00c8 realizzata con tecnologia antibatterica Microban\u00ae che elimina fino al 99,9% della crescita batterica sulla superficie della custodia e si mantiene costantemente attiva perch\u00e9 integrata nel materiale della Gloss. Gloss \u00e8 garantita a vita: per saperne di pi\u00f9 visita la sezione Guaranteed For Life di Cellularline.<\/p>\n","protected":false},"excerpt":{"rendered":"<p>Custodia trasparente ultra-protettiva con finitura anti-graffio &#8211; con tecnologia antibatterica Microban integrata\u00ae<\/p>\n","protected":false},"featured_media":66190,"comment_status":"closed","ping_status":"closed","template":"","meta":{"_et_pb_use_builder":"","_et_pb_old_content":"","_et_gb_content_width":""},"pwb-brand":[],"product_cat":[560,541],"product_tag":[],"compatibilite":[],"compatibilite_smartphone":[4726],"brands":[],"_links":{"self":[{"href":"https:\/\/stage.shop-cellularswiss.ch\/it\/wp-json\/wp\/v2\/product\/65820"}],"collection":[{"href":"https:\/\/stage.shop-cellularswiss.ch\/it\/wp-json\/wp\/v2\/product"}],"about":[{"href":"https:\/\/stage.shop-cellularswiss.ch\/it\/wp-json\/wp\/v2\/types\/product"}],"replies":[{"embeddable":true,"href":"https:\/\/stage.shop-cellularswiss.ch\/it\/wp-json\/wp\/v2\/comments?post=65820"}],"wp:featuredmedia":[{"embeddable":true,"href":"https:\/\/stage.shop-cellularswiss.ch\/it\/wp-json\/wp\/v2\/media\/66190"}],"wp:attachment":[{"href":"https:\/\/stage.shop-cellularswiss.ch\/it\/wp-json\/wp\/v2\/media?parent=65820"}],"wp:term":[{"taxonomy":"pwb-brand","embeddable":true,"href":"https:\/\/stage.shop-cellularswiss.ch\/it\/wp-json\/wp\/v2\/pwb-brand?post=65820"},{"taxonomy":"product_cat","embeddable":true,"href":"https:\/\/stage.shop-cellularswiss.ch\/it\/wp-json\/wp\/v2\/product_cat?post=65820"},{"taxonomy":"product_tag","embeddable":true,"href":"https:\/\/stage.shop-cellularswiss.ch\/it\/wp-json\/wp\/v2\/product_tag?post=65820"},{"taxonomy":"compatibilite","embeddable":true,"href":"https:\/\/stage.shop-cellularswiss.ch\/it\/wp-json\/wp\/v2\/compatibilite?post=65820"},{"taxonomy":"compatibilite_smartphone","embeddable":true,"href":"https:\/\/stage.shop-cellularswiss.ch\/it\/wp-json\/wp\/v2\/compatibilite_smartphone?post=65820"}],"curies":[{"name":"wp","href":"https:\/\/api.w.org\/{rel}","templated":true}]}}