
{"id":65868,"date":"2021-09-23T14:06:29","date_gmt":"2021-09-23T13:09:31","guid":{"rendered":"https:\/\/stage.shop-cellularswiss.ch\/produit\/soul-universal\/"},"modified":"2021-09-23T15:09:37","modified_gmt":"2021-09-23T13:09:37","slug":"soul-universal","status":"publish","type":"product","link":"https:\/\/stage.shop-cellularswiss.ch\/it\/produit\/soul-universal\/","title":{"rendered":"Soul &#8211; Universal"},"content":{"rendered":"<p>Soul \u00e8 l\u2019auricolare classico con speaker conico di ultima generazione ideale per chi desidera godere un\u2019esperienza d\u2019ascolto di alta qualit\u00e0 e ottenere un suono pulito e incisivo. Il cavo piatto anti groviglio \u00e8 ideale per regalare massima comodit\u00e0 e comfort e rende l\u2019auricolare Soul un accessorio elegante e piacevole al tatto. La tecnologia Streaming Top Sound Performance consente di ottenere un\u2019ottima qualit\u00e0 della riproduzione della musica anche in streaming, perfetta per chi desidera fruire ottime esperienze d\u2019ascolto dal proprio smartphone. Inoltre il microfono con tasto di risposta integrato, rende facile ed agevole rispondere alle chiamate in arrivo e cambiare canzoni con un semplice click.<\/p>\n","protected":false},"excerpt":{"rendered":"<p>Auricolare classico dal suono pulito e incisivo<\/p>\n","protected":false},"featured_media":66739,"comment_status":"closed","ping_status":"closed","template":"","meta":{"_et_pb_use_builder":"","_et_pb_old_content":"","_et_gb_content_width":""},"pwb-brand":[],"product_cat":[475,491],"product_tag":[],"compatibilite":[],"compatibilite_smartphone":[4725],"brands":[],"_links":{"self":[{"href":"https:\/\/stage.shop-cellularswiss.ch\/it\/wp-json\/wp\/v2\/product\/65868"}],"collection":[{"href":"https:\/\/stage.shop-cellularswiss.ch\/it\/wp-json\/wp\/v2\/product"}],"about":[{"href":"https:\/\/stage.shop-cellularswiss.ch\/it\/wp-json\/wp\/v2\/types\/product"}],"replies":[{"embeddable":true,"href":"https:\/\/stage.shop-cellularswiss.ch\/it\/wp-json\/wp\/v2\/comments?post=65868"}],"wp:featuredmedia":[{"embeddable":true,"href":"https:\/\/stage.shop-cellularswiss.ch\/it\/wp-json\/wp\/v2\/media\/66739"}],"wp:attachment":[{"href":"https:\/\/stage.shop-cellularswiss.ch\/it\/wp-json\/wp\/v2\/media?parent=65868"}],"wp:term":[{"taxonomy":"pwb-brand","embeddable":true,"href":"https:\/\/stage.shop-cellularswiss.ch\/it\/wp-json\/wp\/v2\/pwb-brand?post=65868"},{"taxonomy":"product_cat","embeddable":true,"href":"https:\/\/stage.shop-cellularswiss.ch\/it\/wp-json\/wp\/v2\/product_cat?post=65868"},{"taxonomy":"product_tag","embeddable":true,"href":"https:\/\/stage.shop-cellularswiss.ch\/it\/wp-json\/wp\/v2\/product_tag?post=65868"},{"taxonomy":"compatibilite","embeddable":true,"href":"https:\/\/stage.shop-cellularswiss.ch\/it\/wp-json\/wp\/v2\/compatibilite?post=65868"},{"taxonomy":"compatibilite_smartphone","embeddable":true,"href":"https:\/\/stage.shop-cellularswiss.ch\/it\/wp-json\/wp\/v2\/compatibilite_smartphone?post=65868"}],"curies":[{"name":"wp","href":"https:\/\/api.w.org\/{rel}","templated":true}]}}