
{"id":65894,"date":"2021-09-23T14:07:33","date_gmt":"2021-09-23T13:11:17","guid":{"rendered":"https:\/\/stage.shop-cellularswiss.ch\/produit\/impact-glass-iphone-13-13-pro\/"},"modified":"2021-09-23T15:11:22","modified_gmt":"2021-09-23T13:11:22","slug":"impact-glass-iphone-13-13-pro","status":"publish","type":"product","link":"https:\/\/stage.shop-cellularswiss.ch\/it\/produit\/impact-glass-iphone-13-13-pro\/","title":{"rendered":"Impact Glass &#8211; iPhone 13\/13 Pro"},"content":{"rendered":"<p>Impact Glass \u00e8 un vero vetro temperato che assicura la miglior protezione per i display e ne mantiene inalterate le caratteristiche. Un particolare trattamento fa risaltare ancora di pi\u00f9 la luminosit\u00e0 degli schermi HD e la sensibilit\u00e0 touch dei display.<\/p>\n","protected":false},"excerpt":{"rendered":"<p>Vetro temperato sottile, resistente e super sensibile<\/p>\n","protected":false},"featured_media":66302,"comment_status":"closed","ping_status":"closed","template":"","meta":{"_et_pb_use_builder":"","_et_pb_old_content":"","_et_gb_content_width":""},"pwb-brand":[],"product_cat":[550,541],"product_tag":[],"compatibilite":[],"compatibilite_smartphone":[4733,4730,4729],"brands":[],"_links":{"self":[{"href":"https:\/\/stage.shop-cellularswiss.ch\/it\/wp-json\/wp\/v2\/product\/65894"}],"collection":[{"href":"https:\/\/stage.shop-cellularswiss.ch\/it\/wp-json\/wp\/v2\/product"}],"about":[{"href":"https:\/\/stage.shop-cellularswiss.ch\/it\/wp-json\/wp\/v2\/types\/product"}],"replies":[{"embeddable":true,"href":"https:\/\/stage.shop-cellularswiss.ch\/it\/wp-json\/wp\/v2\/comments?post=65894"}],"wp:featuredmedia":[{"embeddable":true,"href":"https:\/\/stage.shop-cellularswiss.ch\/it\/wp-json\/wp\/v2\/media\/66302"}],"wp:attachment":[{"href":"https:\/\/stage.shop-cellularswiss.ch\/it\/wp-json\/wp\/v2\/media?parent=65894"}],"wp:term":[{"taxonomy":"pwb-brand","embeddable":true,"href":"https:\/\/stage.shop-cellularswiss.ch\/it\/wp-json\/wp\/v2\/pwb-brand?post=65894"},{"taxonomy":"product_cat","embeddable":true,"href":"https:\/\/stage.shop-cellularswiss.ch\/it\/wp-json\/wp\/v2\/product_cat?post=65894"},{"taxonomy":"product_tag","embeddable":true,"href":"https:\/\/stage.shop-cellularswiss.ch\/it\/wp-json\/wp\/v2\/product_tag?post=65894"},{"taxonomy":"compatibilite","embeddable":true,"href":"https:\/\/stage.shop-cellularswiss.ch\/it\/wp-json\/wp\/v2\/compatibilite?post=65894"},{"taxonomy":"compatibilite_smartphone","embeddable":true,"href":"https:\/\/stage.shop-cellularswiss.ch\/it\/wp-json\/wp\/v2\/compatibilite_smartphone?post=65894"}],"curies":[{"name":"wp","href":"https:\/\/api.w.org\/{rel}","templated":true}]}}