
{"id":65903,"date":"2021-09-23T14:07:53","date_gmt":"2021-09-23T13:11:53","guid":{"rendered":"https:\/\/stage.shop-cellularswiss.ch\/produit\/tetra-force-shock-twist-iphone-13-pro\/"},"modified":"2021-10-18T11:14:54","modified_gmt":"2021-10-18T09:14:54","slug":"tetra-force-shock-twist-iphone-13-pro","status":"publish","type":"product","link":"https:\/\/stage.shop-cellularswiss.ch\/it\/produit\/tetra-force-shock-twist-iphone-13-pro\/","title":{"rendered":"Tetra Force Shock-Twist &#8211; iPhone 13 Pro"},"content":{"rendered":"<p>TETRA FORCE STRONG GUARD \u00e8 la custodia flessibile ultra protettiva con bordo rialzato e angoli rinforzati,realizzata con materiali tecnologicamente avanzati in grado di attutire e dissipare l\u2019urto causato da cadute. La tecnologia IDS (Impact Dissipating System)\u2122, sviluppata da Cellularline, utilizza l\u2019innovativo materiale Versaflex\u2122 che consente di disperdere l\u2019energia creata dall\u2019urto, evitando possibili danni alle componenti esterne e interne dello smartphone. \u00c8 realizzata con tecnologia antibatterica Microban\u00ae che elimina fino al 99,9% della crescita batterica sulla superficie della custodia e si mantiene costantemente attiva perch\u00e9 integrata nel materiale della Tetra Force Strong Guard.Tetra Force Strong Guard \u00e8 garantita a vita: per saperne di pi\u00f9 visita la sezione Guaranteed For Life di Cellularline<\/p>\n","protected":false},"excerpt":{"rendered":"<p>Custodia flessibile ultra-protettiva, anti-shock con tecnologia antibatterica Microban integrata\u00ae<\/p>\n","protected":false},"featured_media":65116,"comment_status":"closed","ping_status":"closed","template":"","meta":{"_et_pb_use_builder":"","_et_pb_old_content":"","_et_gb_content_width":""},"pwb-brand":[],"product_cat":[560,541],"product_tag":[],"compatibilite":[],"compatibilite_smartphone":[4730],"brands":[],"_links":{"self":[{"href":"https:\/\/stage.shop-cellularswiss.ch\/it\/wp-json\/wp\/v2\/product\/65903"}],"collection":[{"href":"https:\/\/stage.shop-cellularswiss.ch\/it\/wp-json\/wp\/v2\/product"}],"about":[{"href":"https:\/\/stage.shop-cellularswiss.ch\/it\/wp-json\/wp\/v2\/types\/product"}],"replies":[{"embeddable":true,"href":"https:\/\/stage.shop-cellularswiss.ch\/it\/wp-json\/wp\/v2\/comments?post=65903"}],"wp:featuredmedia":[{"embeddable":true,"href":"https:\/\/stage.shop-cellularswiss.ch\/it\/wp-json\/wp\/v2\/media\/65116"}],"wp:attachment":[{"href":"https:\/\/stage.shop-cellularswiss.ch\/it\/wp-json\/wp\/v2\/media?parent=65903"}],"wp:term":[{"taxonomy":"pwb-brand","embeddable":true,"href":"https:\/\/stage.shop-cellularswiss.ch\/it\/wp-json\/wp\/v2\/pwb-brand?post=65903"},{"taxonomy":"product_cat","embeddable":true,"href":"https:\/\/stage.shop-cellularswiss.ch\/it\/wp-json\/wp\/v2\/product_cat?post=65903"},{"taxonomy":"product_tag","embeddable":true,"href":"https:\/\/stage.shop-cellularswiss.ch\/it\/wp-json\/wp\/v2\/product_tag?post=65903"},{"taxonomy":"compatibilite","embeddable":true,"href":"https:\/\/stage.shop-cellularswiss.ch\/it\/wp-json\/wp\/v2\/compatibilite?post=65903"},{"taxonomy":"compatibilite_smartphone","embeddable":true,"href":"https:\/\/stage.shop-cellularswiss.ch\/it\/wp-json\/wp\/v2\/compatibilite_smartphone?post=65903"}],"curies":[{"name":"wp","href":"https:\/\/api.w.org\/{rel}","templated":true}]}}