
{"id":65906,"date":"2021-09-23T14:08:01","date_gmt":"2021-09-23T13:12:07","guid":{"rendered":"https:\/\/stage.shop-cellularswiss.ch\/produit\/tetra-force-shield-iphone-13-mini\/"},"modified":"2021-09-23T15:12:11","modified_gmt":"2021-09-23T13:12:11","slug":"tetra-force-shield-iphone-13-mini","status":"publish","type":"product","link":"https:\/\/stage.shop-cellularswiss.ch\/it\/produit\/tetra-force-shield-iphone-13-mini\/","title":{"rendered":"Tetra Force Shield &#8211; iPhone 13 mini"},"content":{"rendered":"<p>Innovazione, qualit\u00e0 elevata e design super sottile uniti in un unico prodotto, studiato e realizzato per chi \u00e8 alla ricerca della massima protezione per il proprio dispositivo. STRONG GLASS \u00e8 il vetro temperato ultra resistente e super sottile che ti consentir\u00e0 di proteggere al meglio il display del tuo iPhone. Il vetro, temperato con un particolare processo chimico di ultima generazione, rende lo STRONG GLASS fino a 3 volte pi\u00f9 resistente rispetto ai normali vetri temperati garantendo al tempo stesso il minimo spessore. Il materiale ultra trasparente e lo speciale trattamento anti-impronte, riducono sensibilmente l\u2019effetto antiestetico delle impronte lasciate dalle dita sul schermo del telefono mantenendo inalterata la definizione del display originale.<\/p>\n","protected":false},"excerpt":{"rendered":"<p>Vetro temperato ultra resistente e super sottile<\/p>\n","protected":false},"featured_media":66314,"comment_status":"closed","ping_status":"closed","template":"","meta":{"_et_pb_use_builder":"","_et_pb_old_content":"","_et_gb_content_width":""},"pwb-brand":[],"product_cat":[550,541],"product_tag":[],"compatibilite":[],"compatibilite_smartphone":[4733],"brands":[],"_links":{"self":[{"href":"https:\/\/stage.shop-cellularswiss.ch\/it\/wp-json\/wp\/v2\/product\/65906"}],"collection":[{"href":"https:\/\/stage.shop-cellularswiss.ch\/it\/wp-json\/wp\/v2\/product"}],"about":[{"href":"https:\/\/stage.shop-cellularswiss.ch\/it\/wp-json\/wp\/v2\/types\/product"}],"replies":[{"embeddable":true,"href":"https:\/\/stage.shop-cellularswiss.ch\/it\/wp-json\/wp\/v2\/comments?post=65906"}],"wp:featuredmedia":[{"embeddable":true,"href":"https:\/\/stage.shop-cellularswiss.ch\/it\/wp-json\/wp\/v2\/media\/66314"}],"wp:attachment":[{"href":"https:\/\/stage.shop-cellularswiss.ch\/it\/wp-json\/wp\/v2\/media?parent=65906"}],"wp:term":[{"taxonomy":"pwb-brand","embeddable":true,"href":"https:\/\/stage.shop-cellularswiss.ch\/it\/wp-json\/wp\/v2\/pwb-brand?post=65906"},{"taxonomy":"product_cat","embeddable":true,"href":"https:\/\/stage.shop-cellularswiss.ch\/it\/wp-json\/wp\/v2\/product_cat?post=65906"},{"taxonomy":"product_tag","embeddable":true,"href":"https:\/\/stage.shop-cellularswiss.ch\/it\/wp-json\/wp\/v2\/product_tag?post=65906"},{"taxonomy":"compatibilite","embeddable":true,"href":"https:\/\/stage.shop-cellularswiss.ch\/it\/wp-json\/wp\/v2\/compatibilite?post=65906"},{"taxonomy":"compatibilite_smartphone","embeddable":true,"href":"https:\/\/stage.shop-cellularswiss.ch\/it\/wp-json\/wp\/v2\/compatibilite_smartphone?post=65906"}],"curies":[{"name":"wp","href":"https:\/\/api.w.org\/{rel}","templated":true}]}}