
{"id":69638,"date":"2021-10-20T07:44:05","date_gmt":"2021-10-20T05:44:05","guid":{"rendered":"https:\/\/stage.shop-cellularswiss.ch\/produit\/mini-usb-c-charger-20w-iphone-8-or-later\/"},"modified":"2021-10-20T07:44:10","modified_gmt":"2021-10-20T05:44:10","slug":"mini-usb-c-charger-20w-iphone-8-or-later","status":"publish","type":"product","link":"https:\/\/stage.shop-cellularswiss.ch\/it\/produit\/mini-usb-c-charger-20w-iphone-8-or-later\/","title":{"rendered":"mini USB-C CHARGER 20W &#8211; iPhone 8 or later"},"content":{"rendered":"<p>mini USB-C CHARGER 20W \u00e8 il caricabatterie da rete, piccolo ma potente, ideale per caricare alla massima velocit\u00e0 e in totale sicurezza tutti gli iPhone e gli iPad compatibili con la tecnologia di carica USB-C 20W. \u00c9 il 20% pi\u00f9 piccolo dei normali caricabatterie, quindi perfetto per avere la massima velocit\u00e0 di carica senza rinunciare alla compattezza e alla trasportabilit\u00e0.<\/p>\n","protected":false},"excerpt":{"rendered":"<p>Mini caricabatterie da rete USB-C 20W per la carica alla massima velocit\u00e0 di iPhone 8 e successivi<\/p>\n","protected":false},"featured_media":68067,"comment_status":"closed","ping_status":"open","template":"","meta":{"_et_pb_use_builder":"","_et_pb_old_content":"","_et_gb_content_width":""},"pwb-brand":[],"product_cat":[606,641,605],"product_tag":[],"compatibilite":[],"compatibilite_smartphone":[4838,4835,4834,4837,4844,4839,4843,4845,4836,4841,4468,4840,4842],"brands":[],"_links":{"self":[{"href":"https:\/\/stage.shop-cellularswiss.ch\/it\/wp-json\/wp\/v2\/product\/69638"}],"collection":[{"href":"https:\/\/stage.shop-cellularswiss.ch\/it\/wp-json\/wp\/v2\/product"}],"about":[{"href":"https:\/\/stage.shop-cellularswiss.ch\/it\/wp-json\/wp\/v2\/types\/product"}],"replies":[{"embeddable":true,"href":"https:\/\/stage.shop-cellularswiss.ch\/it\/wp-json\/wp\/v2\/comments?post=69638"}],"wp:featuredmedia":[{"embeddable":true,"href":"https:\/\/stage.shop-cellularswiss.ch\/it\/wp-json\/wp\/v2\/media\/68067"}],"wp:attachment":[{"href":"https:\/\/stage.shop-cellularswiss.ch\/it\/wp-json\/wp\/v2\/media?parent=69638"}],"wp:term":[{"taxonomy":"pwb-brand","embeddable":true,"href":"https:\/\/stage.shop-cellularswiss.ch\/it\/wp-json\/wp\/v2\/pwb-brand?post=69638"},{"taxonomy":"product_cat","embeddable":true,"href":"https:\/\/stage.shop-cellularswiss.ch\/it\/wp-json\/wp\/v2\/product_cat?post=69638"},{"taxonomy":"product_tag","embeddable":true,"href":"https:\/\/stage.shop-cellularswiss.ch\/it\/wp-json\/wp\/v2\/product_tag?post=69638"},{"taxonomy":"compatibilite","embeddable":true,"href":"https:\/\/stage.shop-cellularswiss.ch\/it\/wp-json\/wp\/v2\/compatibilite?post=69638"},{"taxonomy":"compatibilite_smartphone","embeddable":true,"href":"https:\/\/stage.shop-cellularswiss.ch\/it\/wp-json\/wp\/v2\/compatibilite_smartphone?post=69638"}],"curies":[{"name":"wp","href":"https:\/\/api.w.org\/{rel}","templated":true}]}}