
{"id":69644,"date":"2021-10-20T07:42:41","date_gmt":"2021-10-20T05:44:14","guid":{"rendered":"https:\/\/stage.shop-cellularswiss.ch\/produit\/duo-charger-ultra-usb-c-laptop-macbook-smartphones\/"},"modified":"2021-10-20T07:44:20","modified_gmt":"2021-10-20T05:44:20","slug":"duo-charger-ultra-usb-c-laptop-macbook-smartphones","status":"publish","type":"product","link":"https:\/\/stage.shop-cellularswiss.ch\/it\/produit\/duo-charger-ultra-usb-c-laptop-macbook-smartphones\/","title":{"rendered":"Duo Charger Ultra &#8211; USB-C Laptop, MacBook, Smartphones"},"content":{"rendered":"<p>DUO CHARGER ULTRA \u00e8 il caricabatterie pensato per caricare il computer portatile e lo smartphone contemporaneamente in un&#8217;unica soluzione, compatta e da comoda trasportare. La porta USB-C permette di caricare computer portatili dotati di porta USB-C che richiedono fino a 45W di potenza. Il cavo per laptop da 160cm USB-C a USB-C \u00e8 incluso in confezione. La porta USB carica alla massima velocit\u00e0 anche gli smartphone dotati delle tecnologie di carica pi\u00f9 evolute come 9V2A Quick Charge, Adaptive Fast Charge e Qualcomm\u00ae Quick Charge\u2122 technology. Qualcomm is a trademark of Qualcomm Incorporated, registered in the United States and other countries. Quick Charge is a trademark of Qualcomm Incorporated. Qualcomm Quick Charge is a product of Qualcomm Technologies, Inc. and\/or its subsidiaries.<\/p>\n","protected":false},"excerpt":{"rendered":"<p>Caricabatterie per computer portatili dotati di porta USB-C e smartphone, 48W e cavo USB-C to USB-C<\/p>\n","protected":false},"featured_media":68103,"comment_status":"closed","ping_status":"closed","template":"","meta":{"_et_pb_use_builder":"","_et_pb_old_content":"","_et_gb_content_width":""},"pwb-brand":[],"product_cat":[606,605],"product_tag":[],"compatibilite":[],"compatibilite_smartphone":[4838,4845,4836,4881,4841,4840,4857,4872,4884,4895,4842,4889,4855,4877,4886,4851,4863,4875,4887,4879,4864,4866,4880,4849,4856,4865,4885,4891,4858,4868,4888,4859,4853,4861,4696,4862,4412,4860,4661,4867,4659,4847,4850,4870,4854,4693,4869,4883,4874,4878,4882,4848,4852,4890,4871,4876,4892,4873,4893,4894],"brands":[],"_links":{"self":[{"href":"https:\/\/stage.shop-cellularswiss.ch\/it\/wp-json\/wp\/v2\/product\/69644"}],"collection":[{"href":"https:\/\/stage.shop-cellularswiss.ch\/it\/wp-json\/wp\/v2\/product"}],"about":[{"href":"https:\/\/stage.shop-cellularswiss.ch\/it\/wp-json\/wp\/v2\/types\/product"}],"replies":[{"embeddable":true,"href":"https:\/\/stage.shop-cellularswiss.ch\/it\/wp-json\/wp\/v2\/comments?post=69644"}],"wp:featuredmedia":[{"embeddable":true,"href":"https:\/\/stage.shop-cellularswiss.ch\/it\/wp-json\/wp\/v2\/media\/68103"}],"wp:attachment":[{"href":"https:\/\/stage.shop-cellularswiss.ch\/it\/wp-json\/wp\/v2\/media?parent=69644"}],"wp:term":[{"taxonomy":"pwb-brand","embeddable":true,"href":"https:\/\/stage.shop-cellularswiss.ch\/it\/wp-json\/wp\/v2\/pwb-brand?post=69644"},{"taxonomy":"product_cat","embeddable":true,"href":"https:\/\/stage.shop-cellularswiss.ch\/it\/wp-json\/wp\/v2\/product_cat?post=69644"},{"taxonomy":"product_tag","embeddable":true,"href":"https:\/\/stage.shop-cellularswiss.ch\/it\/wp-json\/wp\/v2\/product_tag?post=69644"},{"taxonomy":"compatibilite","embeddable":true,"href":"https:\/\/stage.shop-cellularswiss.ch\/it\/wp-json\/wp\/v2\/compatibilite?post=69644"},{"taxonomy":"compatibilite_smartphone","embeddable":true,"href":"https:\/\/stage.shop-cellularswiss.ch\/it\/wp-json\/wp\/v2\/compatibilite_smartphone?post=69644"}],"curies":[{"name":"wp","href":"https:\/\/api.w.org\/{rel}","templated":true}]}}