
{"id":69743,"date":"2021-10-20T07:44:19","date_gmt":"2021-10-20T05:46:23","guid":{"rendered":"https:\/\/stage.shop-cellularswiss.ch\/produit\/ring-light-master-universale\/"},"modified":"2021-10-20T07:46:29","modified_gmt":"2021-10-20T05:46:29","slug":"ring-light-master-universale","status":"publish","type":"product","link":"https:\/\/stage.shop-cellularswiss.ch\/it\/produit\/ring-light-master-universale\/","title":{"rendered":"Ring Light Master &#8211; Universale"},"content":{"rendered":"<p>RING LIGHT MASTER, ideale per riprese video e selfie, \u00e8 l&#8217;anello led con treppiede estensibile fino a 1.40m di altezza. L\u2019anello led da 13\u2019\u2019 ha tre diverse modalit\u00e0 di illuminazione ad intensit\u00e0 regolabile ed \u00e8 dotato di un supporto universale ruotabile per smartphone e di un aggancio per macchina fotografica. Grazie al telecomando Bluetooth\u00ae, incluso in confezione, \u00e8 possibile scattare selfie o attivare video anche a distanza.<\/p>\n","protected":false},"excerpt":{"rendered":"<p>Anello led con treppiede da 1.40m per riprese video e selfie<\/p>\n","protected":false},"featured_media":68851,"comment_status":"closed","ping_status":"closed","template":"","meta":{"_et_pb_use_builder":"","_et_pb_old_content":"","_et_gb_content_width":""},"pwb-brand":[],"product_cat":[545,541],"product_tag":[],"compatibilite":[],"compatibilite_smartphone":[4658],"brands":[],"_links":{"self":[{"href":"https:\/\/stage.shop-cellularswiss.ch\/it\/wp-json\/wp\/v2\/product\/69743"}],"collection":[{"href":"https:\/\/stage.shop-cellularswiss.ch\/it\/wp-json\/wp\/v2\/product"}],"about":[{"href":"https:\/\/stage.shop-cellularswiss.ch\/it\/wp-json\/wp\/v2\/types\/product"}],"replies":[{"embeddable":true,"href":"https:\/\/stage.shop-cellularswiss.ch\/it\/wp-json\/wp\/v2\/comments?post=69743"}],"wp:featuredmedia":[{"embeddable":true,"href":"https:\/\/stage.shop-cellularswiss.ch\/it\/wp-json\/wp\/v2\/media\/68851"}],"wp:attachment":[{"href":"https:\/\/stage.shop-cellularswiss.ch\/it\/wp-json\/wp\/v2\/media?parent=69743"}],"wp:term":[{"taxonomy":"pwb-brand","embeddable":true,"href":"https:\/\/stage.shop-cellularswiss.ch\/it\/wp-json\/wp\/v2\/pwb-brand?post=69743"},{"taxonomy":"product_cat","embeddable":true,"href":"https:\/\/stage.shop-cellularswiss.ch\/it\/wp-json\/wp\/v2\/product_cat?post=69743"},{"taxonomy":"product_tag","embeddable":true,"href":"https:\/\/stage.shop-cellularswiss.ch\/it\/wp-json\/wp\/v2\/product_tag?post=69743"},{"taxonomy":"compatibilite","embeddable":true,"href":"https:\/\/stage.shop-cellularswiss.ch\/it\/wp-json\/wp\/v2\/compatibilite?post=69743"},{"taxonomy":"compatibilite_smartphone","embeddable":true,"href":"https:\/\/stage.shop-cellularswiss.ch\/it\/wp-json\/wp\/v2\/compatibilite_smartphone?post=69743"}],"curies":[{"name":"wp","href":"https:\/\/api.w.org\/{rel}","templated":true}]}}