
{"id":69853,"date":"2021-10-20T07:45:49","date_gmt":"2021-10-20T05:48:48","guid":{"rendered":"https:\/\/stage.shop-cellularswiss.ch\/produit\/long-cable-250cm-usb-to-lightning\/"},"modified":"2021-10-20T07:48:54","modified_gmt":"2021-10-20T05:48:54","slug":"long-cable-250cm-usb-to-lightning","status":"publish","type":"product","link":"https:\/\/stage.shop-cellularswiss.ch\/it\/produit\/long-cable-250cm-usb-to-lightning\/","title":{"rendered":"Long Cable 250cm &#8211; USB to Lightning"},"content":{"rendered":"<p>Long Cable \u00e8 il cavo extra lungo da 250cm che garantisce la massima libert\u00e0 di movimento, permettendoti di caricare il dispositivo in qualsiasi luogo e di continuare ad utilizzarlo mentre \u00e8 in carica. Ideale per raggiungere anche le prese pi\u00f9 distanti, \u00e8 perfetto per un utilizzo quotidiano, sia in casa che in ufficio. Il cavo \u00e8 ricoperto da un morbido rivestimento in tessuto e i connettori in metallo garantiscono massima resistenza a urti e pressioni.CertificatoMFi per una perfetta compatibilit\u00e0 con i dispositivi Apple con connettore Lightning.<\/p>\n","protected":false},"excerpt":{"rendered":"<p>Cavo USB extra lungo<\/p>\n","protected":false},"featured_media":69551,"comment_status":"closed","ping_status":"closed","template":"","meta":{"_et_pb_use_builder":"","_et_pb_old_content":"","_et_gb_content_width":""},"pwb-brand":[],"product_cat":[532,605],"product_tag":[],"compatibilite":[],"compatibilite_smartphone":[4468],"brands":[],"_links":{"self":[{"href":"https:\/\/stage.shop-cellularswiss.ch\/it\/wp-json\/wp\/v2\/product\/69853"}],"collection":[{"href":"https:\/\/stage.shop-cellularswiss.ch\/it\/wp-json\/wp\/v2\/product"}],"about":[{"href":"https:\/\/stage.shop-cellularswiss.ch\/it\/wp-json\/wp\/v2\/types\/product"}],"replies":[{"embeddable":true,"href":"https:\/\/stage.shop-cellularswiss.ch\/it\/wp-json\/wp\/v2\/comments?post=69853"}],"wp:featuredmedia":[{"embeddable":true,"href":"https:\/\/stage.shop-cellularswiss.ch\/it\/wp-json\/wp\/v2\/media\/69551"}],"wp:attachment":[{"href":"https:\/\/stage.shop-cellularswiss.ch\/it\/wp-json\/wp\/v2\/media?parent=69853"}],"wp:term":[{"taxonomy":"pwb-brand","embeddable":true,"href":"https:\/\/stage.shop-cellularswiss.ch\/it\/wp-json\/wp\/v2\/pwb-brand?post=69853"},{"taxonomy":"product_cat","embeddable":true,"href":"https:\/\/stage.shop-cellularswiss.ch\/it\/wp-json\/wp\/v2\/product_cat?post=69853"},{"taxonomy":"product_tag","embeddable":true,"href":"https:\/\/stage.shop-cellularswiss.ch\/it\/wp-json\/wp\/v2\/product_tag?post=69853"},{"taxonomy":"compatibilite","embeddable":true,"href":"https:\/\/stage.shop-cellularswiss.ch\/it\/wp-json\/wp\/v2\/compatibilite?post=69853"},{"taxonomy":"compatibilite_smartphone","embeddable":true,"href":"https:\/\/stage.shop-cellularswiss.ch\/it\/wp-json\/wp\/v2\/compatibilite_smartphone?post=69853"}],"curies":[{"name":"wp","href":"https:\/\/api.w.org\/{rel}","templated":true}]}}