
{"id":70565,"date":"2021-10-26T16:39:11","date_gmt":"2021-10-26T14:40:29","guid":{"rendered":"https:\/\/stage.shop-cellularswiss.ch\/produit\/power-bank-thunder-10000\/"},"modified":"2021-10-26T16:40:49","modified_gmt":"2021-10-26T14:40:49","slug":"power-bank-thunder-10000","status":"publish","type":"product","link":"https:\/\/stage.shop-cellularswiss.ch\/it\/produit\/power-bank-thunder-10000\/","title":{"rendered":"Power Bank THUNDER 10000"},"content":{"rendered":"<p>THUNDER 10000 \u00e8 il caricabatterie portatile con il miglior rapporto tra capacit\u00e0\/dimensioni: le celle cilindriche 21700 di ultima generazione, sono in grado di immagazzinare una maggiore capacit\u00e0 in volumi contenuti, permettendo pi\u00f9 ricariche complete del dispositivo senza compromettere la portabilit\u00e0 del Power Bank. Grazie alle avanzate tecnologie di cui \u00e8 dotato assicura prestazioni di carica elevate: USB-C Power Delivery 20W garantisce la massima velocit\u00e0 di ricarica per gli iPhone di nuova generazione, mentre la porta USB 18W Adattiva \u00e8 ideale per la carica veloce di Samsung, Huawei ed altri dispositivi Android. Il design \u00e8 studiato per offrire le migliori prestazioni: la verniciatura antiscivolo e il rivestimento in morbido materiale soft touch conferiscono solidit\u00e0 nella presa e piacevolezza al tatto.<\/p>\n","protected":false},"excerpt":{"rendered":"<p>Caricabatterie portatile extra compatto<\/p>\n","protected":false},"featured_media":70390,"comment_status":"closed","ping_status":"closed","template":"","meta":{"_et_pb_use_builder":"","_et_pb_old_content":"","_et_gb_content_width":""},"pwb-brand":[],"product_cat":[653,605],"product_tag":[],"compatibilite":[],"compatibilite_smartphone":[4661],"brands":[],"_links":{"self":[{"href":"https:\/\/stage.shop-cellularswiss.ch\/it\/wp-json\/wp\/v2\/product\/70565"}],"collection":[{"href":"https:\/\/stage.shop-cellularswiss.ch\/it\/wp-json\/wp\/v2\/product"}],"about":[{"href":"https:\/\/stage.shop-cellularswiss.ch\/it\/wp-json\/wp\/v2\/types\/product"}],"replies":[{"embeddable":true,"href":"https:\/\/stage.shop-cellularswiss.ch\/it\/wp-json\/wp\/v2\/comments?post=70565"}],"wp:featuredmedia":[{"embeddable":true,"href":"https:\/\/stage.shop-cellularswiss.ch\/it\/wp-json\/wp\/v2\/media\/70390"}],"wp:attachment":[{"href":"https:\/\/stage.shop-cellularswiss.ch\/it\/wp-json\/wp\/v2\/media?parent=70565"}],"wp:term":[{"taxonomy":"pwb-brand","embeddable":true,"href":"https:\/\/stage.shop-cellularswiss.ch\/it\/wp-json\/wp\/v2\/pwb-brand?post=70565"},{"taxonomy":"product_cat","embeddable":true,"href":"https:\/\/stage.shop-cellularswiss.ch\/it\/wp-json\/wp\/v2\/product_cat?post=70565"},{"taxonomy":"product_tag","embeddable":true,"href":"https:\/\/stage.shop-cellularswiss.ch\/it\/wp-json\/wp\/v2\/product_tag?post=70565"},{"taxonomy":"compatibilite","embeddable":true,"href":"https:\/\/stage.shop-cellularswiss.ch\/it\/wp-json\/wp\/v2\/compatibilite?post=70565"},{"taxonomy":"compatibilite_smartphone","embeddable":true,"href":"https:\/\/stage.shop-cellularswiss.ch\/it\/wp-json\/wp\/v2\/compatibilite_smartphone?post=70565"}],"curies":[{"name":"wp","href":"https:\/\/api.w.org\/{rel}","templated":true}]}}