
{"id":70569,"date":"2021-10-26T16:40:48","date_gmt":"2021-10-26T14:40:48","guid":{"rendered":"https:\/\/stage.shop-cellularswiss.ch\/produit\/wireless-power-bank-mag-5000\/"},"modified":"2021-10-26T16:40:56","modified_gmt":"2021-10-26T14:40:56","slug":"wireless-power-bank-mag-5000","status":"publish","type":"product","link":"https:\/\/stage.shop-cellularswiss.ch\/it\/produit\/wireless-power-bank-mag-5000\/","title":{"rendered":"Wireless Power Bank MAG 5000"},"content":{"rendered":"<p>MAG 5000 \u00e8 il caricabatterie portatile compatibile con tecnologia MagSafe. Per una ricarica efficace e sicura baster\u00e0 agganciare magneticamente il Power Bank all&#8217;iPhone dotato di sistema MagSafe, senza bisogno di cavi o di un preciso allineamento. I magneti integrati, infatti, sono progettati per mantenere l\u2019iPhone saldamente in posizione e non interferire con le sue funzionalit\u00e0. MAG \u00e8 inoltre dotato di indicatori LED per monitorare lo stato di carica residua del Power Bank e di una porta USB-C per ricaricarlo quando necessario. Il ring, posizionato sulla scocca esterna, \u00e8 progettato per svolgere una doppia funzione: STAND, per visualizzare lo schermo dell&#8217;iPhone mentre questo \u00e8 in carica e HOLDER, per agevolarne la presa in mobilit\u00e0. Il design sottile e compatto ti permette di portare MAG 5000 sempre con te e di ricaricare il tuo iPhone ovunque ti trovi, senza bisogno di cavi e garantendoti la massima libert\u00e0 di movimento.Ricarica il tuo iPhone senza custodia o con una custodia MagSafe.<\/p>\n","protected":false},"excerpt":{"rendered":"<p>Caricabatterie portatile compatibile con MagSafe<\/p>\n","protected":false},"featured_media":70482,"comment_status":"closed","ping_status":"open","template":"","meta":{"_et_pb_use_builder":"","_et_pb_old_content":"","_et_gb_content_width":""},"pwb-brand":[],"product_cat":[653,605],"product_tag":[],"compatibilite":[],"compatibilite_smartphone":[4838,4835,4834,4837,4844,4839,4843,4845,4468],"brands":[],"_links":{"self":[{"href":"https:\/\/stage.shop-cellularswiss.ch\/it\/wp-json\/wp\/v2\/product\/70569"}],"collection":[{"href":"https:\/\/stage.shop-cellularswiss.ch\/it\/wp-json\/wp\/v2\/product"}],"about":[{"href":"https:\/\/stage.shop-cellularswiss.ch\/it\/wp-json\/wp\/v2\/types\/product"}],"replies":[{"embeddable":true,"href":"https:\/\/stage.shop-cellularswiss.ch\/it\/wp-json\/wp\/v2\/comments?post=70569"}],"wp:featuredmedia":[{"embeddable":true,"href":"https:\/\/stage.shop-cellularswiss.ch\/it\/wp-json\/wp\/v2\/media\/70482"}],"wp:attachment":[{"href":"https:\/\/stage.shop-cellularswiss.ch\/it\/wp-json\/wp\/v2\/media?parent=70569"}],"wp:term":[{"taxonomy":"pwb-brand","embeddable":true,"href":"https:\/\/stage.shop-cellularswiss.ch\/it\/wp-json\/wp\/v2\/pwb-brand?post=70569"},{"taxonomy":"product_cat","embeddable":true,"href":"https:\/\/stage.shop-cellularswiss.ch\/it\/wp-json\/wp\/v2\/product_cat?post=70569"},{"taxonomy":"product_tag","embeddable":true,"href":"https:\/\/stage.shop-cellularswiss.ch\/it\/wp-json\/wp\/v2\/product_tag?post=70569"},{"taxonomy":"compatibilite","embeddable":true,"href":"https:\/\/stage.shop-cellularswiss.ch\/it\/wp-json\/wp\/v2\/compatibilite?post=70569"},{"taxonomy":"compatibilite_smartphone","embeddable":true,"href":"https:\/\/stage.shop-cellularswiss.ch\/it\/wp-json\/wp\/v2\/compatibilite_smartphone?post=70569"}],"curies":[{"name":"wp","href":"https:\/\/api.w.org\/{rel}","templated":true}]}}