
{"id":73435,"date":"2021-12-03T16:01:26","date_gmt":"2021-12-03T15:01:26","guid":{"rendered":"https:\/\/stage.shop-cellularswiss.ch\/produit\/home-office-task\/"},"modified":"2021-12-03T16:01:31","modified_gmt":"2021-12-03T15:01:31","slug":"home-office-task","status":"publish","type":"product","link":"https:\/\/stage.shop-cellularswiss.ch\/it\/produit\/home-office-task\/","title":{"rendered":"HOME &#038; OFFICE &#8211; TASK"},"content":{"rendered":"<p>TASK \u00e8 la cuffia con microfono rimovibile, ideale per le videochiamate da smartphone, ma anche da tablet e PC. La cuffia pu\u00f2 essere utilizzata sia in modalit\u00e0 Bluetooth che filo, grazie al cavo Aux di 120 cm incluso. La limitazione del volume a 85db rende l\u2019utilizzo della cuffia adatto anche ai pi\u00f9 giovani, per la didattica a distanza o l\u2019ascolto della musica.<\/p>\n","protected":false},"excerpt":{"rendered":"<p>Cuffia con microfono rimovibile<\/p>\n","protected":false},"featured_media":72942,"comment_status":"closed","ping_status":"open","template":"","meta":{"_et_pb_use_builder":"","_et_pb_old_content":"","_et_gb_content_width":""},"pwb-brand":[],"product_cat":[4832,642],"product_tag":[],"compatibilite":[],"compatibilite_smartphone":[4725],"brands":[],"_links":{"self":[{"href":"https:\/\/stage.shop-cellularswiss.ch\/it\/wp-json\/wp\/v2\/product\/73435"}],"collection":[{"href":"https:\/\/stage.shop-cellularswiss.ch\/it\/wp-json\/wp\/v2\/product"}],"about":[{"href":"https:\/\/stage.shop-cellularswiss.ch\/it\/wp-json\/wp\/v2\/types\/product"}],"replies":[{"embeddable":true,"href":"https:\/\/stage.shop-cellularswiss.ch\/it\/wp-json\/wp\/v2\/comments?post=73435"}],"wp:featuredmedia":[{"embeddable":true,"href":"https:\/\/stage.shop-cellularswiss.ch\/it\/wp-json\/wp\/v2\/media\/72942"}],"wp:attachment":[{"href":"https:\/\/stage.shop-cellularswiss.ch\/it\/wp-json\/wp\/v2\/media?parent=73435"}],"wp:term":[{"taxonomy":"pwb-brand","embeddable":true,"href":"https:\/\/stage.shop-cellularswiss.ch\/it\/wp-json\/wp\/v2\/pwb-brand?post=73435"},{"taxonomy":"product_cat","embeddable":true,"href":"https:\/\/stage.shop-cellularswiss.ch\/it\/wp-json\/wp\/v2\/product_cat?post=73435"},{"taxonomy":"product_tag","embeddable":true,"href":"https:\/\/stage.shop-cellularswiss.ch\/it\/wp-json\/wp\/v2\/product_tag?post=73435"},{"taxonomy":"compatibilite","embeddable":true,"href":"https:\/\/stage.shop-cellularswiss.ch\/it\/wp-json\/wp\/v2\/compatibilite?post=73435"},{"taxonomy":"compatibilite_smartphone","embeddable":true,"href":"https:\/\/stage.shop-cellularswiss.ch\/it\/wp-json\/wp\/v2\/compatibilite_smartphone?post=73435"}],"curies":[{"name":"wp","href":"https:\/\/api.w.org\/{rel}","templated":true}]}}