
{"id":73443,"date":"2021-12-03T16:01:54","date_gmt":"2021-12-03T15:01:54","guid":{"rendered":"https:\/\/stage.shop-cellularswiss.ch\/produit\/flexi-holder\/"},"modified":"2021-12-03T16:01:58","modified_gmt":"2021-12-03T15:01:58","slug":"flexi-holder","status":"publish","type":"product","link":"https:\/\/stage.shop-cellularswiss.ch\/it\/produit\/flexi-holder\/","title":{"rendered":"Flexi Holder"},"content":{"rendered":"<p>FLEXI HOLDER \u00e8 il supporto con braccio flessibile per smartphones e tablets.Il braccio \u00e8 lungo 66 cm e ha una pinza che si adatta alle diverse dimensioni del device. Il supporto \u00e8 dotato di un aggancio a clip in grado di adattarsi a diverse dimensioni e a qualsiasi superificie, rendendo Flexi Holder un prodotto ideale per l&#8217;utilizzo a casa e in ufficio.<\/p>\n","protected":false},"excerpt":{"rendered":"<p>Supporto con braccio flessibile per smartphones e tablets.<\/p>\n","protected":false},"featured_media":73118,"comment_status":"closed","ping_status":"open","template":"","meta":{"_et_pb_use_builder":"","_et_pb_old_content":"","_et_gb_content_width":""},"pwb-brand":[],"product_cat":[545,541],"product_tag":[],"compatibilite":[],"compatibilite_smartphone":[4658],"brands":[],"_links":{"self":[{"href":"https:\/\/stage.shop-cellularswiss.ch\/it\/wp-json\/wp\/v2\/product\/73443"}],"collection":[{"href":"https:\/\/stage.shop-cellularswiss.ch\/it\/wp-json\/wp\/v2\/product"}],"about":[{"href":"https:\/\/stage.shop-cellularswiss.ch\/it\/wp-json\/wp\/v2\/types\/product"}],"replies":[{"embeddable":true,"href":"https:\/\/stage.shop-cellularswiss.ch\/it\/wp-json\/wp\/v2\/comments?post=73443"}],"wp:featuredmedia":[{"embeddable":true,"href":"https:\/\/stage.shop-cellularswiss.ch\/it\/wp-json\/wp\/v2\/media\/73118"}],"wp:attachment":[{"href":"https:\/\/stage.shop-cellularswiss.ch\/it\/wp-json\/wp\/v2\/media?parent=73443"}],"wp:term":[{"taxonomy":"pwb-brand","embeddable":true,"href":"https:\/\/stage.shop-cellularswiss.ch\/it\/wp-json\/wp\/v2\/pwb-brand?post=73443"},{"taxonomy":"product_cat","embeddable":true,"href":"https:\/\/stage.shop-cellularswiss.ch\/it\/wp-json\/wp\/v2\/product_cat?post=73443"},{"taxonomy":"product_tag","embeddable":true,"href":"https:\/\/stage.shop-cellularswiss.ch\/it\/wp-json\/wp\/v2\/product_tag?post=73443"},{"taxonomy":"compatibilite","embeddable":true,"href":"https:\/\/stage.shop-cellularswiss.ch\/it\/wp-json\/wp\/v2\/compatibilite?post=73443"},{"taxonomy":"compatibilite_smartphone","embeddable":true,"href":"https:\/\/stage.shop-cellularswiss.ch\/it\/wp-json\/wp\/v2\/compatibilite_smartphone?post=73443"}],"curies":[{"name":"wp","href":"https:\/\/api.w.org\/{rel}","templated":true}]}}