
{"id":73444,"date":"2021-12-03T16:01:58","date_gmt":"2021-12-03T15:01:58","guid":{"rendered":"https:\/\/stage.shop-cellularswiss.ch\/produit\/power-bank-manta-5000\/"},"modified":"2021-12-03T16:02:02","modified_gmt":"2021-12-03T15:02:02","slug":"power-bank-manta-5000","status":"publish","type":"product","link":"https:\/\/stage.shop-cellularswiss.ch\/it\/produit\/power-bank-manta-5000\/","title":{"rendered":"Power Bank MANTA 5000"},"content":{"rendered":"<p>Power Bank MANTA 5000 \u00e8 il caricabatterie portatile pi\u00f9 evoluto. Realizzato con celle ai polimeri di litio ad alta densit\u00e0, offre il miglior rapporto tra portabilit\u00e0 e potenza, riducendo il volume del Power Bank fino al 40% rispetto ai caricabatterie portatili standard. Il display digitale indica con massima precisione il livello di carica, per avere sempre sotto controllo l&#8217;energia residua del Power Bank. Il design \u00e8 studiato per offrire ottime prestazioni: la verniciatura antiscivolo e il rivestimento in morbido materiale soft touch conferiscono solidit\u00e0 nella presa e piacevolezza al tatto.<\/p>\n","protected":false},"excerpt":{"rendered":"<p>Caricabatterie portatile veloce e compatto<\/p>\n","protected":false},"featured_media":72177,"comment_status":"closed","ping_status":"open","template":"","meta":{"_et_pb_use_builder":"","_et_pb_old_content":"","_et_gb_content_width":""},"pwb-brand":[],"product_cat":[653,605],"product_tag":[],"compatibilite":[],"compatibilite_smartphone":[4725],"brands":[],"_links":{"self":[{"href":"https:\/\/stage.shop-cellularswiss.ch\/it\/wp-json\/wp\/v2\/product\/73444"}],"collection":[{"href":"https:\/\/stage.shop-cellularswiss.ch\/it\/wp-json\/wp\/v2\/product"}],"about":[{"href":"https:\/\/stage.shop-cellularswiss.ch\/it\/wp-json\/wp\/v2\/types\/product"}],"replies":[{"embeddable":true,"href":"https:\/\/stage.shop-cellularswiss.ch\/it\/wp-json\/wp\/v2\/comments?post=73444"}],"wp:featuredmedia":[{"embeddable":true,"href":"https:\/\/stage.shop-cellularswiss.ch\/it\/wp-json\/wp\/v2\/media\/72177"}],"wp:attachment":[{"href":"https:\/\/stage.shop-cellularswiss.ch\/it\/wp-json\/wp\/v2\/media?parent=73444"}],"wp:term":[{"taxonomy":"pwb-brand","embeddable":true,"href":"https:\/\/stage.shop-cellularswiss.ch\/it\/wp-json\/wp\/v2\/pwb-brand?post=73444"},{"taxonomy":"product_cat","embeddable":true,"href":"https:\/\/stage.shop-cellularswiss.ch\/it\/wp-json\/wp\/v2\/product_cat?post=73444"},{"taxonomy":"product_tag","embeddable":true,"href":"https:\/\/stage.shop-cellularswiss.ch\/it\/wp-json\/wp\/v2\/product_tag?post=73444"},{"taxonomy":"compatibilite","embeddable":true,"href":"https:\/\/stage.shop-cellularswiss.ch\/it\/wp-json\/wp\/v2\/compatibilite?post=73444"},{"taxonomy":"compatibilite_smartphone","embeddable":true,"href":"https:\/\/stage.shop-cellularswiss.ch\/it\/wp-json\/wp\/v2\/compatibilite_smartphone?post=73444"}],"curies":[{"name":"wp","href":"https:\/\/api.w.org\/{rel}","templated":true}]}}