
{"id":76532,"date":"2022-01-05T15:11:28","date_gmt":"2022-01-05T14:11:28","guid":{"rendered":"https:\/\/stage.shop-cellularswiss.ch\/produit\/tetraforce-cable-200cm-usb-c-to-usb-c\/"},"modified":"2022-01-05T15:11:34","modified_gmt":"2022-01-05T14:11:34","slug":"tetraforce-cable-200cm-usb-c-to-usb-c","status":"publish","type":"product","link":"https:\/\/stage.shop-cellularswiss.ch\/it\/produit\/tetraforce-cable-200cm-usb-c-to-usb-c\/","title":{"rendered":"Tetraforce Cable 200cm &#8211; USB-C to USB-C"},"content":{"rendered":"<p>STRONG CABLE della linea TETRAFORCE \u00e8 il cavo pi\u00f9 resistente all\u2019interno della gamma Cellularline. Il passacavo flessibile, allungato del 30% e dotato di Tecnologia Snake, \u00e8 ultra-flessibile e resistente alle pressioni pi\u00f9 estreme; protegge la parte pi\u00f9 delicata del cavo garantendo fino a 30.000 flessioni \u2013 ovvero 10 volte in pi\u00f9 rispetto un normale cavo standard. Strong Cable \u00e8 realizzato con materiali progettati per assicurare la massima durabilit\u00e0 nel tempo: connettori in metallo per resistere a urti e pressioni, copertura del cavo con doppio intreccio in tessuto rinforzato per un\u2019estrema flessibilit\u00e0 e robustezza del cavo, alloggiamento in lega d\u2019alluminio, nucleo interno in rame ad alta purezza e fibra aramidica DuPont\u2122 Kevlar\u00ae.DuPont\u2122 e Kevlar\u00ae sono marchi commerciali registrati o marchi commerciali di EI du Pont de Nemours and Company o delle sue societ\u00e0 affiliate.<\/p>\n","protected":false},"excerpt":{"rendered":"<p>Cavo USB ultra resistente<\/p>\n","protected":false},"featured_media":75607,"comment_status":"closed","ping_status":"open","template":"","meta":{"_et_pb_use_builder":"","_et_pb_old_content":"","_et_gb_content_width":""},"pwb-brand":[],"product_cat":[532,605],"product_tag":[],"compatibilite":[],"compatibilite_smartphone":[4661],"brands":[],"_links":{"self":[{"href":"https:\/\/stage.shop-cellularswiss.ch\/it\/wp-json\/wp\/v2\/product\/76532"}],"collection":[{"href":"https:\/\/stage.shop-cellularswiss.ch\/it\/wp-json\/wp\/v2\/product"}],"about":[{"href":"https:\/\/stage.shop-cellularswiss.ch\/it\/wp-json\/wp\/v2\/types\/product"}],"replies":[{"embeddable":true,"href":"https:\/\/stage.shop-cellularswiss.ch\/it\/wp-json\/wp\/v2\/comments?post=76532"}],"wp:featuredmedia":[{"embeddable":true,"href":"https:\/\/stage.shop-cellularswiss.ch\/it\/wp-json\/wp\/v2\/media\/75607"}],"wp:attachment":[{"href":"https:\/\/stage.shop-cellularswiss.ch\/it\/wp-json\/wp\/v2\/media?parent=76532"}],"wp:term":[{"taxonomy":"pwb-brand","embeddable":true,"href":"https:\/\/stage.shop-cellularswiss.ch\/it\/wp-json\/wp\/v2\/pwb-brand?post=76532"},{"taxonomy":"product_cat","embeddable":true,"href":"https:\/\/stage.shop-cellularswiss.ch\/it\/wp-json\/wp\/v2\/product_cat?post=76532"},{"taxonomy":"product_tag","embeddable":true,"href":"https:\/\/stage.shop-cellularswiss.ch\/it\/wp-json\/wp\/v2\/product_tag?post=76532"},{"taxonomy":"compatibilite","embeddable":true,"href":"https:\/\/stage.shop-cellularswiss.ch\/it\/wp-json\/wp\/v2\/compatibilite?post=76532"},{"taxonomy":"compatibilite_smartphone","embeddable":true,"href":"https:\/\/stage.shop-cellularswiss.ch\/it\/wp-json\/wp\/v2\/compatibilite_smartphone?post=76532"}],"curies":[{"name":"wp","href":"https:\/\/api.w.org\/{rel}","templated":true}]}}