
{"id":76863,"date":"2022-01-12T10:22:53","date_gmt":"2022-01-12T09:22:53","guid":{"rendered":"https:\/\/stage.shop-cellularswiss.ch\/produit\/tetra-force-shock-advance-iphone-xs-max\/"},"modified":"2022-01-12T10:22:57","modified_gmt":"2022-01-12T09:22:57","slug":"tetra-force-shock-advance-iphone-xs-max","status":"publish","type":"product","link":"https:\/\/stage.shop-cellularswiss.ch\/it\/produit\/tetra-force-shock-advance-iphone-xs-max\/","title":{"rendered":"Tetra Force Shock-Advance &#8211; iPhone XS Max"},"content":{"rendered":"<p>Tetra Force Shock-Advance \u00e8 la nuova custodia ultra protettiva composta da un\u2019anima flessibile con retro antigraffio, unita ad un bordo che combina insieme due materiali (interno ed esterno), ideali per garantire al tuo smartphone la migliore protezione da urti e cadute. L\u2019innovativo materiale antishock posto lungo il perimetro interno della custodia \u00e8 in grado di attutire e disperdere le vibrazioni generate dall\u2019impatto (grazie alla tecnologia Impact Dissipating System\u2122 ideata da Cellularline) e, attraverso una struttura a camere d\u2019aria, si fonde con quello esterno respingendo la forza dell\u2019urto. La superficie del bordo \u00e8 caratterizzata inoltre da una particolare venatura che rende inoltre pi\u00f9 stabile e sicura la presa, conferendo all\u2019intera custodia un design ancora pi\u00f9 sottile ed ergonomico. Tetra Force Shock-Twist \u00e8 garantita a vita: per saperne di pi\u00f9 visita la sezione Guaranteed For Life di Cellularline.<\/p>\n","protected":false},"excerpt":{"rendered":"<p>Doppio livello di ultra protezione contro urti e cadute<\/p>\n","protected":false},"featured_media":0,"comment_status":"closed","ping_status":"open","template":"","meta":{"_et_pb_use_builder":"","_et_pb_old_content":"","_et_gb_content_width":""},"pwb-brand":[],"product_cat":[560,541],"product_tag":[623],"compatibilite":[],"compatibilite_smartphone":[4575],"brands":[],"_links":{"self":[{"href":"https:\/\/stage.shop-cellularswiss.ch\/it\/wp-json\/wp\/v2\/product\/76863"}],"collection":[{"href":"https:\/\/stage.shop-cellularswiss.ch\/it\/wp-json\/wp\/v2\/product"}],"about":[{"href":"https:\/\/stage.shop-cellularswiss.ch\/it\/wp-json\/wp\/v2\/types\/product"}],"replies":[{"embeddable":true,"href":"https:\/\/stage.shop-cellularswiss.ch\/it\/wp-json\/wp\/v2\/comments?post=76863"}],"wp:attachment":[{"href":"https:\/\/stage.shop-cellularswiss.ch\/it\/wp-json\/wp\/v2\/media?parent=76863"}],"wp:term":[{"taxonomy":"pwb-brand","embeddable":true,"href":"https:\/\/stage.shop-cellularswiss.ch\/it\/wp-json\/wp\/v2\/pwb-brand?post=76863"},{"taxonomy":"product_cat","embeddable":true,"href":"https:\/\/stage.shop-cellularswiss.ch\/it\/wp-json\/wp\/v2\/product_cat?post=76863"},{"taxonomy":"product_tag","embeddable":true,"href":"https:\/\/stage.shop-cellularswiss.ch\/it\/wp-json\/wp\/v2\/product_tag?post=76863"},{"taxonomy":"compatibilite","embeddable":true,"href":"https:\/\/stage.shop-cellularswiss.ch\/it\/wp-json\/wp\/v2\/compatibilite?post=76863"},{"taxonomy":"compatibilite_smartphone","embeddable":true,"href":"https:\/\/stage.shop-cellularswiss.ch\/it\/wp-json\/wp\/v2\/compatibilite_smartphone?post=76863"}],"curies":[{"name":"wp","href":"https:\/\/api.w.org\/{rel}","templated":true}]}}