
{"id":77341,"date":"2022-02-09T15:31:06","date_gmt":"2022-02-09T14:31:06","guid":{"rendered":"https:\/\/stage.shop-cellularswiss.ch\/produit\/impact-glass-galaxy-s22\/"},"modified":"2022-02-09T15:31:12","modified_gmt":"2022-02-09T14:31:12","slug":"impact-glass-galaxy-s22","status":"publish","type":"product","link":"https:\/\/stage.shop-cellularswiss.ch\/it\/produit\/impact-glass-galaxy-s22\/","title":{"rendered":"Impact Glass &#8211; Galaxy S22"},"content":{"rendered":"<p>Impact Glass \u00e8 un vero vetro temperato che assicura la miglior protezione per i display e ne mantiene inalterate le caratteristiche. Un particolare trattamento fa risaltare ancora di pi\u00f9 la luminosit\u00e0 degli schermi HD e la sensibilit\u00e0 touch dei display.<\/p>\n","protected":false},"excerpt":{"rendered":"<p>Vetro temperato sottile, resistente e super sensibile<\/p>\n","protected":false},"featured_media":77268,"comment_status":"closed","ping_status":"open","template":"","meta":{"_et_pb_use_builder":"","_et_pb_old_content":"","_et_gb_content_width":""},"pwb-brand":[],"product_cat":[550,541],"product_tag":[],"compatibilite":[],"compatibilite_smartphone":[5188],"brands":[],"_links":{"self":[{"href":"https:\/\/stage.shop-cellularswiss.ch\/it\/wp-json\/wp\/v2\/product\/77341"}],"collection":[{"href":"https:\/\/stage.shop-cellularswiss.ch\/it\/wp-json\/wp\/v2\/product"}],"about":[{"href":"https:\/\/stage.shop-cellularswiss.ch\/it\/wp-json\/wp\/v2\/types\/product"}],"replies":[{"embeddable":true,"href":"https:\/\/stage.shop-cellularswiss.ch\/it\/wp-json\/wp\/v2\/comments?post=77341"}],"wp:featuredmedia":[{"embeddable":true,"href":"https:\/\/stage.shop-cellularswiss.ch\/it\/wp-json\/wp\/v2\/media\/77268"}],"wp:attachment":[{"href":"https:\/\/stage.shop-cellularswiss.ch\/it\/wp-json\/wp\/v2\/media?parent=77341"}],"wp:term":[{"taxonomy":"pwb-brand","embeddable":true,"href":"https:\/\/stage.shop-cellularswiss.ch\/it\/wp-json\/wp\/v2\/pwb-brand?post=77341"},{"taxonomy":"product_cat","embeddable":true,"href":"https:\/\/stage.shop-cellularswiss.ch\/it\/wp-json\/wp\/v2\/product_cat?post=77341"},{"taxonomy":"product_tag","embeddable":true,"href":"https:\/\/stage.shop-cellularswiss.ch\/it\/wp-json\/wp\/v2\/product_tag?post=77341"},{"taxonomy":"compatibilite","embeddable":true,"href":"https:\/\/stage.shop-cellularswiss.ch\/it\/wp-json\/wp\/v2\/compatibilite?post=77341"},{"taxonomy":"compatibilite_smartphone","embeddable":true,"href":"https:\/\/stage.shop-cellularswiss.ch\/it\/wp-json\/wp\/v2\/compatibilite_smartphone?post=77341"}],"curies":[{"name":"wp","href":"https:\/\/api.w.org\/{rel}","templated":true}]}}